{"id":10707,"date":"2022-02-14T03:49:28","date_gmt":"2022-02-13T20:49:28","guid":{"rendered":"https:\/\/luxta.com.vn\/san-pham\/voi-xit-nhua-luxta-l5101n\/"},"modified":"2025-08-21T16:20:54","modified_gmt":"2025-08-21T09:20:54","slug":"luxta-l5101n-plastic-sprayer","status":"publish","type":"product","link":"https:\/\/luxta.com.vn\/en\/product\/luxta-l5101n-plastic-sprayer\/","title":{"rendered":"LUXTA L5101N PLASTIC SPRAYER"},"content":{"rendered":"<h1><strong>LUXTA PLASTIC BIDET SPRAY<\/strong><\/h1>\n<h1><strong>Model: L5101N<\/strong><\/h1>\n<p>&#8212;&#8212;&#8212;&#8212;&#8212;&#8212;&#8212;&#8212;&#8212;<\/p>\n<p>With the desire to bring lasting value over time in every product for daily use, all <strong>LUXTA<\/strong> designs embody simple, elegant, and luxurious beauty, suitable for all types of bathroom architecture.<\/p>\n<p><strong>Luxta Plastic Bidet Spray L5101N<\/strong> offers a simple yet elegant design. The body is made of premium ABS plastic, providing durability twice as strong as conventional materials in the same segment. The plastic hose ensures strong and secure connections between the spray head and the hose, making installation and use more convenient while ensuring safety for users.<\/p>\n<h2><strong>\u2733 OUTSTANDING TECHNOLOGY:<\/strong><\/h2>\n<p><img decoding=\"async\" src=\"\/\/bizweb.dktcdn.net\/100\/394\/840\/files\/save-water-luxta.jpg?v=1595209031868\" data-thumb=\"original\" \/><\/p>\n<p><strong>Water-Saving Technology<\/strong><\/p>\n<p><strong>\u2733 KEY FEATURES OF LUXTA PLASTIC BIDET SPRAY:<\/strong><br \/>\n\u2714 High-quality and durable spray design<br \/>\n\u2714 Made of long-lasting ABS plastic<br \/>\n\u2714 Easy-to-use, lightweight push button<br \/>\n\u2714 Smooth water flow design<\/p>\n<p><strong>\u2733 ADVANTAGES OF LUXTA PLASTIC BIDET SPRAY:<\/strong><br \/>\n\u2714 Easy to use<br \/>\n\u2714 Eco-friendly<br \/>\n\u2714 Easy to clean<br \/>\n\u2714 Optimal anti-stain resistance<br \/>\n\u2714 Reduces the need for cleaning chemicals<\/p>\n<p>With these advantages, the <strong>Luxta Bidet Spray L5101N<\/strong> will add elegance and sophistication to your bathroom, bringing a modern touch to your living space. With LUXTA, you can save water while enjoying a refreshing and relaxing experience right in your own home. We care not only about cleanliness but also about true hygiene.<\/p>\n<p>When purchasing a <em><u>Luxta Bidet Spray<\/u><\/em>, customers will receive professional consultation and careful product selection. We guarantee 100% genuine products \u2014 no counterfeit or imitation goods.<\/p>\n<p><strong>\u2733 SPECIAL OFFER: FREE DELIVERY WITHIN HO CHI MINH CITY<\/strong><\/p>\n<p>==========================<\/p>\n<p>For more details, please contact:<\/p>\n<p><strong>\u2733 LUXTA SHOWER<\/strong><\/p>\n<p>\u2733 Address: 2C Street No. 10, Binh Hung Hoa A Ward, Binh Tan District, Ho Chi Minh City<\/p>\n<p>\u2733 Address: 569\u2013571 Luy Ban Bich Street, Phu Thanh Ward, Tan Phu District, Ho Chi Minh City<\/p>\n<p><strong>\u2733 Facebook Fanpage:<\/strong><\/p>\n<p><a href=\"https:\/\/www.facebook.com\/senvoichinhhang\">https:\/\/www.facebook.com\/senvoichinhhang<\/a><\/p>\n","protected":false},"excerpt":{"rendered":"<p>\u2714 Luxta bidet spray, modern and luxurious design<br \/>\n\u2714 Chrome-nickel plated, durable over time<\/p>\n","protected":false},"featured_media":8823,"comment_status":"open","ping_status":"closed","template":"","meta":[],"product_brand":[],"product_cat":[1689],"product_tag":[1734,1739,1738,1765],"class_list":{"0":"post-10707","1":"product","2":"type-product","3":"status-publish","4":"has-post-thumbnail","6":"product_cat-spray-faucet","7":"product_tag-luxta-en-2","8":"product_tag-thiet-bi-nha-tam-en-2","9":"product_tag-thiet-bi-ve-sinh-luxta-en-2","10":"product_tag-voi-xit-en-2","12":"first","13":"instock","14":"shipping-taxable","15":"product-type-simple"},"yoast_head":"<!-- This site is optimized with the Yoast SEO plugin v27.4 - https:\/\/yoast.com\/product\/yoast-seo-wordpress\/ -->\n<title>LUXTA L5101N PLASTIC SPRAYER &#187; LUXTA<\/title>\n<meta name=\"description\" content=\"V\u00f2i x\u1ecbt nh\u1ef1a Luxta L5101N sang tr\u1ecdng, \u0111\u01b0\u1ee3c l\u00e0m t\u1eeb ch\u1ea5t li\u1ec7u \u0111\u1ed3ng thau kh\u1ed1i cao c\u1ea5p, ho\u1ea1t \u0111\u1ed9ng d\u1ec5 d\u00e0ng v\u1edbi \u0111\u1ed9 b\u1ec1n cao g\u1ea5p \u0111\u00f4i, gi\u00fap s\u1ea3n ph\u1ea9m lu\u00f4n b\u1ec1n b\u1ec9\" \/>\n<meta name=\"robots\" content=\"index, follow, max-snippet:-1, max-image-preview:large, max-video-preview:-1\" \/>\n<link rel=\"canonical\" href=\"http:\/\/luxta.com.vn\/san-pham\/voi-xit-nhua-luxta-l5101n\/\" \/>\n<meta property=\"og:locale\" content=\"en_US\" \/>\n<meta property=\"og:type\" content=\"article\" \/>\n<meta property=\"og:title\" content=\"LUXTA L5101N PLASTIC SPRAYER &#187; LUXTA\" \/>\n<meta property=\"og:description\" content=\"V\u00f2i x\u1ecbt nh\u1ef1a Luxta L5101N sang tr\u1ecdng, \u0111\u01b0\u1ee3c l\u00e0m t\u1eeb ch\u1ea5t li\u1ec7u \u0111\u1ed3ng thau kh\u1ed1i cao c\u1ea5p, ho\u1ea1t \u0111\u1ed9ng d\u1ec5 d\u00e0ng v\u1edbi \u0111\u1ed9 b\u1ec1n cao g\u1ea5p \u0111\u00f4i, gi\u00fap s\u1ea3n ph\u1ea9m lu\u00f4n b\u1ec1n b\u1ec9\" \/>\n<meta property=\"og:url\" content=\"http:\/\/luxta.com.vn\/san-pham\/voi-xit-nhua-luxta-l5101n\/\" \/>\n<meta property=\"og:site_name\" content=\"LUXTA\" \/>\n<meta property=\"article:publisher\" content=\"https:\/\/www.facebook.com\/senvoicaocapluxta\" \/>\n<meta property=\"article:modified_time\" content=\"2025-08-21T09:20:54+00:00\" \/>\n<meta property=\"og:image\" content=\"http:\/\/luxta.com.vn\/wp-content\/uploads\/2022\/02\/Ln113-768x768-14.png\" \/>\n\t<meta property=\"og:image:width\" content=\"800\" \/>\n\t<meta property=\"og:image:height\" content=\"800\" \/>\n\t<meta property=\"og:image:type\" content=\"image\/png\" \/>\n<meta name=\"twitter:card\" content=\"summary_large_image\" \/>\n<meta name=\"twitter:label1\" content=\"Est. reading time\" \/>\n\t<meta name=\"twitter:data1\" content=\"2 minutes\" \/>\n<script type=\"application\/ld+json\" class=\"yoast-schema-graph\">{\"@context\":\"https:\\\/\\\/schema.org\",\"@graph\":[{\"@type\":\"WebPage\",\"@id\":\"http:\\\/\\\/luxta.com.vn\\\/san-pham\\\/voi-xit-nhua-luxta-l5101n\\\/\",\"url\":\"http:\\\/\\\/luxta.com.vn\\\/san-pham\\\/voi-xit-nhua-luxta-l5101n\\\/\",\"name\":\"LUXTA L5101N PLASTIC SPRAYER &#187; LUXTA\",\"isPartOf\":{\"@id\":\"https:\\\/\\\/luxta.com.vn\\\/#website\"},\"primaryImageOfPage\":{\"@id\":\"http:\\\/\\\/luxta.com.vn\\\/san-pham\\\/voi-xit-nhua-luxta-l5101n\\\/#primaryimage\"},\"image\":{\"@id\":\"http:\\\/\\\/luxta.com.vn\\\/san-pham\\\/voi-xit-nhua-luxta-l5101n\\\/#primaryimage\"},\"thumbnailUrl\":\"https:\\\/\\\/luxta.com.vn\\\/wp-content\\\/uploads\\\/2022\\\/02\\\/Ln113-768x768-14.png\",\"datePublished\":\"2022-02-13T20:49:28+00:00\",\"dateModified\":\"2025-08-21T09:20:54+00:00\",\"description\":\"V\u00f2i x\u1ecbt nh\u1ef1a Luxta L5101N sang tr\u1ecdng, \u0111\u01b0\u1ee3c l\u00e0m t\u1eeb ch\u1ea5t li\u1ec7u \u0111\u1ed3ng thau kh\u1ed1i cao c\u1ea5p, ho\u1ea1t \u0111\u1ed9ng d\u1ec5 d\u00e0ng v\u1edbi \u0111\u1ed9 b\u1ec1n cao g\u1ea5p \u0111\u00f4i, gi\u00fap s\u1ea3n ph\u1ea9m lu\u00f4n b\u1ec1n b\u1ec9\",\"breadcrumb\":{\"@id\":\"http:\\\/\\\/luxta.com.vn\\\/san-pham\\\/voi-xit-nhua-luxta-l5101n\\\/#breadcrumb\"},\"inLanguage\":\"en-US\",\"potentialAction\":[{\"@type\":\"ReadAction\",\"target\":[\"http:\\\/\\\/luxta.com.vn\\\/san-pham\\\/voi-xit-nhua-luxta-l5101n\\\/\"]}]},{\"@type\":\"ImageObject\",\"inLanguage\":\"en-US\",\"@id\":\"http:\\\/\\\/luxta.com.vn\\\/san-pham\\\/voi-xit-nhua-luxta-l5101n\\\/#primaryimage\",\"url\":\"https:\\\/\\\/luxta.com.vn\\\/wp-content\\\/uploads\\\/2022\\\/02\\\/Ln113-768x768-14.png\",\"contentUrl\":\"https:\\\/\\\/luxta.com.vn\\\/wp-content\\\/uploads\\\/2022\\\/02\\\/Ln113-768x768-14.png\",\"width\":800,\"height\":800},{\"@type\":\"BreadcrumbList\",\"@id\":\"http:\\\/\\\/luxta.com.vn\\\/san-pham\\\/voi-xit-nhua-luxta-l5101n\\\/#breadcrumb\",\"itemListElement\":[{\"@type\":\"ListItem\",\"position\":1,\"name\":\"Trang ch\u1ee7\",\"item\":\"http:\\\/\\\/luxta.com.vn\\\/en\\\/\"},{\"@type\":\"ListItem\",\"position\":2,\"name\":\"Shop\",\"item\":\"http:\\\/\\\/luxta.com.vn\\\/en\\\/shop\\\/\"},{\"@type\":\"ListItem\",\"position\":3,\"name\":\"LUXTA L5101N PLASTIC SPRAYER\"}]},{\"@type\":\"WebSite\",\"@id\":\"https:\\\/\\\/luxta.com.vn\\\/#website\",\"url\":\"https:\\\/\\\/luxta.com.vn\\\/\",\"name\":\"LUXTA\",\"description\":\"More quality for life\",\"publisher\":{\"@id\":\"https:\\\/\\\/luxta.com.vn\\\/#organization\"},\"potentialAction\":[{\"@type\":\"SearchAction\",\"target\":{\"@type\":\"EntryPoint\",\"urlTemplate\":\"https:\\\/\\\/luxta.com.vn\\\/?s={search_term_string}\"},\"query-input\":{\"@type\":\"PropertyValueSpecification\",\"valueRequired\":true,\"valueName\":\"search_term_string\"}}],\"inLanguage\":\"en-US\"},{\"@type\":\"Organization\",\"@id\":\"https:\\\/\\\/luxta.com.vn\\\/#organization\",\"name\":\"LUXTA\",\"url\":\"https:\\\/\\\/luxta.com.vn\\\/\",\"logo\":{\"@type\":\"ImageObject\",\"inLanguage\":\"en-US\",\"@id\":\"https:\\\/\\\/luxta.com.vn\\\/#\\\/schema\\\/logo\\\/image\\\/\",\"url\":\"https:\\\/\\\/luxta.com.vn\\\/wp-content\\\/uploads\\\/2022\\\/01\\\/logo_luxta.png\",\"contentUrl\":\"https:\\\/\\\/luxta.com.vn\\\/wp-content\\\/uploads\\\/2022\\\/01\\\/logo_luxta.png\",\"width\":241,\"height\":93,\"caption\":\"LUXTA\"},\"image\":{\"@id\":\"https:\\\/\\\/luxta.com.vn\\\/#\\\/schema\\\/logo\\\/image\\\/\"},\"sameAs\":[\"https:\\\/\\\/www.facebook.com\\\/senvoicaocapluxta\"]}]}<\/script>\n<!-- \/ Yoast SEO plugin. -->","yoast_head_json":{"title":"LUXTA L5101N PLASTIC SPRAYER &#187; LUXTA","description":"V\u00f2i x\u1ecbt nh\u1ef1a Luxta L5101N sang tr\u1ecdng, \u0111\u01b0\u1ee3c l\u00e0m t\u1eeb ch\u1ea5t li\u1ec7u \u0111\u1ed3ng thau kh\u1ed1i cao c\u1ea5p, ho\u1ea1t \u0111\u1ed9ng d\u1ec5 d\u00e0ng v\u1edbi \u0111\u1ed9 b\u1ec1n cao g\u1ea5p \u0111\u00f4i, gi\u00fap s\u1ea3n ph\u1ea9m lu\u00f4n b\u1ec1n b\u1ec9","robots":{"index":"index","follow":"follow","max-snippet":"max-snippet:-1","max-image-preview":"max-image-preview:large","max-video-preview":"max-video-preview:-1"},"canonical":"http:\/\/luxta.com.vn\/san-pham\/voi-xit-nhua-luxta-l5101n\/","og_locale":"en_US","og_type":"article","og_title":"LUXTA L5101N PLASTIC SPRAYER &#187; LUXTA","og_description":"V\u00f2i x\u1ecbt nh\u1ef1a Luxta L5101N sang tr\u1ecdng, \u0111\u01b0\u1ee3c l\u00e0m t\u1eeb ch\u1ea5t li\u1ec7u \u0111\u1ed3ng thau kh\u1ed1i cao c\u1ea5p, ho\u1ea1t \u0111\u1ed9ng d\u1ec5 d\u00e0ng v\u1edbi \u0111\u1ed9 b\u1ec1n cao g\u1ea5p \u0111\u00f4i, gi\u00fap s\u1ea3n ph\u1ea9m lu\u00f4n b\u1ec1n b\u1ec9","og_url":"http:\/\/luxta.com.vn\/san-pham\/voi-xit-nhua-luxta-l5101n\/","og_site_name":"LUXTA","article_publisher":"https:\/\/www.facebook.com\/senvoicaocapluxta","article_modified_time":"2025-08-21T09:20:54+00:00","og_image":[{"width":800,"height":800,"url":"http:\/\/luxta.com.vn\/wp-content\/uploads\/2022\/02\/Ln113-768x768-14.png","type":"image\/png"}],"twitter_card":"summary_large_image","twitter_misc":{"Est. reading time":"2 minutes"},"schema":{"@context":"https:\/\/schema.org","@graph":[{"@type":"WebPage","@id":"http:\/\/luxta.com.vn\/san-pham\/voi-xit-nhua-luxta-l5101n\/","url":"http:\/\/luxta.com.vn\/san-pham\/voi-xit-nhua-luxta-l5101n\/","name":"LUXTA L5101N PLASTIC SPRAYER &#187; LUXTA","isPartOf":{"@id":"https:\/\/luxta.com.vn\/#website"},"primaryImageOfPage":{"@id":"http:\/\/luxta.com.vn\/san-pham\/voi-xit-nhua-luxta-l5101n\/#primaryimage"},"image":{"@id":"http:\/\/luxta.com.vn\/san-pham\/voi-xit-nhua-luxta-l5101n\/#primaryimage"},"thumbnailUrl":"https:\/\/luxta.com.vn\/wp-content\/uploads\/2022\/02\/Ln113-768x768-14.png","datePublished":"2022-02-13T20:49:28+00:00","dateModified":"2025-08-21T09:20:54+00:00","description":"V\u00f2i x\u1ecbt nh\u1ef1a Luxta L5101N sang tr\u1ecdng, \u0111\u01b0\u1ee3c l\u00e0m t\u1eeb ch\u1ea5t li\u1ec7u \u0111\u1ed3ng thau kh\u1ed1i cao c\u1ea5p, ho\u1ea1t \u0111\u1ed9ng d\u1ec5 d\u00e0ng v\u1edbi \u0111\u1ed9 b\u1ec1n cao g\u1ea5p \u0111\u00f4i, gi\u00fap s\u1ea3n ph\u1ea9m lu\u00f4n b\u1ec1n b\u1ec9","breadcrumb":{"@id":"http:\/\/luxta.com.vn\/san-pham\/voi-xit-nhua-luxta-l5101n\/#breadcrumb"},"inLanguage":"en-US","potentialAction":[{"@type":"ReadAction","target":["http:\/\/luxta.com.vn\/san-pham\/voi-xit-nhua-luxta-l5101n\/"]}]},{"@type":"ImageObject","inLanguage":"en-US","@id":"http:\/\/luxta.com.vn\/san-pham\/voi-xit-nhua-luxta-l5101n\/#primaryimage","url":"https:\/\/luxta.com.vn\/wp-content\/uploads\/2022\/02\/Ln113-768x768-14.png","contentUrl":"https:\/\/luxta.com.vn\/wp-content\/uploads\/2022\/02\/Ln113-768x768-14.png","width":800,"height":800},{"@type":"BreadcrumbList","@id":"http:\/\/luxta.com.vn\/san-pham\/voi-xit-nhua-luxta-l5101n\/#breadcrumb","itemListElement":[{"@type":"ListItem","position":1,"name":"Trang ch\u1ee7","item":"http:\/\/luxta.com.vn\/en\/"},{"@type":"ListItem","position":2,"name":"Shop","item":"http:\/\/luxta.com.vn\/en\/shop\/"},{"@type":"ListItem","position":3,"name":"LUXTA L5101N PLASTIC SPRAYER"}]},{"@type":"WebSite","@id":"https:\/\/luxta.com.vn\/#website","url":"https:\/\/luxta.com.vn\/","name":"LUXTA","description":"More quality for life","publisher":{"@id":"https:\/\/luxta.com.vn\/#organization"},"potentialAction":[{"@type":"SearchAction","target":{"@type":"EntryPoint","urlTemplate":"https:\/\/luxta.com.vn\/?s={search_term_string}"},"query-input":{"@type":"PropertyValueSpecification","valueRequired":true,"valueName":"search_term_string"}}],"inLanguage":"en-US"},{"@type":"Organization","@id":"https:\/\/luxta.com.vn\/#organization","name":"LUXTA","url":"https:\/\/luxta.com.vn\/","logo":{"@type":"ImageObject","inLanguage":"en-US","@id":"https:\/\/luxta.com.vn\/#\/schema\/logo\/image\/","url":"https:\/\/luxta.com.vn\/wp-content\/uploads\/2022\/01\/logo_luxta.png","contentUrl":"https:\/\/luxta.com.vn\/wp-content\/uploads\/2022\/01\/logo_luxta.png","width":241,"height":93,"caption":"LUXTA"},"image":{"@id":"https:\/\/luxta.com.vn\/#\/schema\/logo\/image\/"},"sameAs":["https:\/\/www.facebook.com\/senvoicaocapluxta"]}]}},"_links":{"self":[{"href":"https:\/\/luxta.com.vn\/en\/wp-json\/wp\/v2\/product\/10707","targetHints":{"allow":["GET"]}}],"collection":[{"href":"https:\/\/luxta.com.vn\/en\/wp-json\/wp\/v2\/product"}],"about":[{"href":"https:\/\/luxta.com.vn\/en\/wp-json\/wp\/v2\/types\/product"}],"replies":[{"embeddable":true,"href":"https:\/\/luxta.com.vn\/en\/wp-json\/wp\/v2\/comments?post=10707"}],"wp:featuredmedia":[{"embeddable":true,"href":"https:\/\/luxta.com.vn\/en\/wp-json\/wp\/v2\/media\/8823"}],"wp:attachment":[{"href":"https:\/\/luxta.com.vn\/en\/wp-json\/wp\/v2\/media?parent=10707"}],"wp:term":[{"taxonomy":"product_brand","embeddable":true,"href":"https:\/\/luxta.com.vn\/en\/wp-json\/wp\/v2\/product_brand?post=10707"},{"taxonomy":"product_cat","embeddable":true,"href":"https:\/\/luxta.com.vn\/en\/wp-json\/wp\/v2\/product_cat?post=10707"},{"taxonomy":"product_tag","embeddable":true,"href":"https:\/\/luxta.com.vn\/en\/wp-json\/wp\/v2\/product_tag?post=10707"}],"curies":[{"name":"wp","href":"https:\/\/api.w.org\/{rel}","templated":true}]}}