{"id":10235,"date":"2022-02-16T02:21:29","date_gmt":"2022-02-15T19:21:29","guid":{"rendered":"https:\/\/luxta.com.vn\/san-pham\/sen-tam-dung-nong-lanh-luxta-l7221\/"},"modified":"2025-08-21T15:56:29","modified_gmt":"2025-08-21T08:56:29","slug":"luxta-hot-and-cold-standing-shower-l7221","status":"publish","type":"product","link":"https:\/\/luxta.com.vn\/en\/product\/luxta-hot-and-cold-standing-shower-l7221\/","title":{"rendered":"LUXTA HOT AND COLD STANDING SHOWER L7221"},"content":{"rendered":"<p><strong>LUXTA HOT &#038; COLD FLOOR-MOUNTED SHOWER<\/strong><\/p>\n<p><strong>Model: L7221<\/strong><\/p>\n<p>\u2014\u2014\u2014\u2014\u2014\u2014\u2014\u2014\u2014<\/p>\n<p>With the desire to bring lasting value over time in every daily-use product, each design by <strong>LUXTA<\/strong> carries a simple, elegant, and luxurious beauty, suitable for all types of bathroom architecture.<\/p>\n<p><strong>Luxta L7221 Hot &#038; Cold Floor-Mounted Shower<\/strong> is simple yet luxurious, made from premium solid brass, easy to operate, and twice as durable as ordinary shower materials. The faucet system and hoses are tightly designed, ensuring strong connections between joints for convenience in assembly and movement, while guaranteeing user safety.<\/p>\n<p><strong><img decoding=\"async\" class=\"emoji\" role=\"img\" src=\"https:\/\/s.w.org\/images\/core\/emoji\/13.1.0\/svg\/2733.svg\" alt=\"\u2733\" \/> OUTSTANDING TECHNOLOGY:<\/strong><\/p>\n<p><img decoding=\"async\" src=\"https:\/\/bizweb.dktcdn.net\/100\/394\/840\/files\/save-water-luxta.jpg?v=1595209031868\" data-thumb=\"original\" \/><\/p>\n<p><strong>Water-Saving Technology<\/strong><\/p>\n<p><strong><img decoding=\"async\" class=\"emoji\" role=\"img\" src=\"https:\/\/s.w.org\/images\/core\/emoji\/13.1.0\/svg\/2733.svg\" alt=\"\u2733\" \/> KEY FEATURES <\/strong><strong>LUXTA HOT &#038; COLD FLOOR-MOUNTED SHOWER:<\/strong><\/p>\n<p><img decoding=\"async\" class=\"emoji\" role=\"img\" src=\"https:\/\/s.w.org\/images\/core\/emoji\/13.1.0\/svg\/2714.svg\" alt=\"\u2714\" \/> Hot &#038; cold floor-mounted shower, modern and luxurious design<\/p>\n<p><img decoding=\"async\" class=\"emoji\" role=\"img\" src=\"https:\/\/s.w.org\/images\/core\/emoji\/13.1.0\/svg\/2714.svg\" alt=\"\u2714\" \/> Lever handle made of premium metal material<\/p>\n<p><img decoding=\"async\" class=\"emoji\" role=\"img\" src=\"https:\/\/s.w.org\/images\/core\/emoji\/13.1.0\/svg\/2714.svg\" alt=\"\u2714\" \/> Aesthetically refined and elegant lever handle design<\/p>\n<p><img decoding=\"async\" class=\"emoji\" role=\"img\" src=\"https:\/\/s.w.org\/images\/core\/emoji\/13.1.0\/svg\/2714.svg\" alt=\"\u2714\" \/> Chrome-nickel plated finish, durable over time<\/p>\n<p><img decoding=\"async\" class=\"emoji\" role=\"img\" src=\"https:\/\/s.w.org\/images\/core\/emoji\/13.1.0\/svg\/2714.svg\" alt=\"\u2714\" \/> Solid brass valve body<\/p>\n<p><img decoding=\"async\" class=\"emoji\" role=\"img\" src=\"https:\/\/s.w.org\/images\/core\/emoji\/13.1.0\/svg\/2714.svg\" alt=\"\u2714\" \/> Design allows smooth water flow<\/p>\n<p><strong><img decoding=\"async\" class=\"emoji\" role=\"img\" src=\"https:\/\/s.w.org\/images\/core\/emoji\/13.1.0\/svg\/2733.svg\" alt=\"\u2733\" \/> ADVANTAGES<\/strong><strong> LUXTA HOT &#038; COLD FLOOR-MOUNTED SHOWER:<\/strong><\/p>\n<p><img decoding=\"async\" class=\"emoji\" role=\"img\" src=\"https:\/\/s.w.org\/images\/core\/emoji\/13.1.0\/svg\/2714.svg\" alt=\"\u2714\" \/> Easy to use<\/p>\n<p><img decoding=\"async\" class=\"emoji\" role=\"img\" src=\"https:\/\/s.w.org\/images\/core\/emoji\/13.1.0\/svg\/2714.svg\" alt=\"\u2714\" \/> Environmentally friendly<\/p>\n<p><img decoding=\"async\" class=\"emoji\" role=\"img\" src=\"https:\/\/s.w.org\/images\/core\/emoji\/13.1.0\/svg\/2714.svg\" alt=\"\u2714\" \/> Easy to clean<\/p>\n<p><img decoding=\"async\" class=\"emoji\" role=\"img\" src=\"https:\/\/s.w.org\/images\/core\/emoji\/13.1.0\/svg\/2714.svg\" alt=\"\u2714\" \/> Optimal stain resistance<\/p>\n<p><img decoding=\"async\" class=\"emoji\" role=\"img\" src=\"https:\/\/s.w.org\/images\/core\/emoji\/13.1.0\/svg\/2714.svg\" alt=\"\u2714\" \/> Reduces the use of cleaning chemicals<\/p>\n<p>With these advantages, the <strong>L7221 hot &#038; cold floor-mounted shower<\/strong> will make your bathroom space more elegant and luxurious, bringing a modern touch to every Vietnamese bathroom. With LUXTA, you can save water while still enjoying a wonderful relaxing experience right at home. We care not only about cleanliness but also about hygiene.<\/p>\n<p>When purchasing a <em><u>Luxta hot &#038; cold floor-mounted shower<\/u><\/em>, customers will be thoroughly consulted and guided by our professional staff. Our products are guaranteed 100% authentic. We strictly say no to counterfeit and imitation goods.<\/p>\n<p><strong><img decoding=\"async\" class=\"emoji\" role=\"img\" src=\"https:\/\/s.w.org\/images\/core\/emoji\/13.1.0\/svg\/2733.svg\" alt=\"\u2733\" \/> SPECIAL: FREE DELIVERY WITHIN HO CHI MINH CITY<\/strong><\/p>\n<p>\u2014\u2014\u2014\u2014\u2014\u2014\u2014-<\/p>\n<p>For more details, please contact:<\/p>\n<p><strong><img decoding=\"async\" class=\"emoji\" role=\"img\" src=\"https:\/\/s.w.org\/images\/core\/emoji\/13.1.0\/svg\/2733.svg\" alt=\"\u2733\" \/> LUXTA FAUCETS &#038; SHOWERS<\/strong><\/p>\n<p><img decoding=\"async\" class=\"emoji\" role=\"img\" src=\"https:\/\/s.w.org\/images\/core\/emoji\/13.1.0\/svg\/2733.svg\" alt=\"\u2733\" \/> <strong>Address<\/strong>: 2C, Street No.10, Binh Hung Hoa A Ward, Binh Tan District, Ho Chi Minh City<\/p>\n<p><img decoding=\"async\" class=\"emoji\" role=\"img\" src=\"https:\/\/s.w.org\/images\/core\/emoji\/13.1.0\/svg\/2733.svg\" alt=\"\u2733\" \/> <strong>Address<\/strong>: 569-571 Luy Ban Bich, Phu Thanh Ward, Tan Phu District, Ho Chi Minh City<\/p>\n<p><strong><img decoding=\"async\" class=\"emoji\" role=\"img\" src=\"https:\/\/s.w.org\/images\/core\/emoji\/13.1.0\/svg\/2733.svg\" alt=\"\u2733\" \/> Facebook Fanpage:<\/strong><\/p>\n<p><a href=\"https:\/\/www.facebook.com\/senvoichinhhang\" data-cke-saved-href=\"https:\/\/www.facebook.com\/senvoichinhhang\">https:\/\/www.facebook.com\/senvoichinhhang<\/a><\/p>\n","protected":false},"excerpt":{"rendered":"<ul>\n<li data-start=\"0\" data-end=\"64\">\n<p data-start=\"2\" data-end=\"64\">Hot &amp; cold floor-mounted shower, modern and luxurious design<\/p>\n<\/li>\n<li data-start=\"66\" data-end=\"107\">\n<p data-start=\"68\" data-end=\"107\">Handle made of premium metal material<\/p>\n<\/li>\n<li data-start=\"109\" data-end=\"163\">\n<p data-start=\"111\" data-end=\"163\">Aesthetically refined, elegant lever handle design<\/p>\n<\/li>\n<li data-start=\"165\" data-end=\"222\">\n<p data-start=\"167\" data-end=\"222\">Chrome-nickel plated finish, highly durable over time<\/p>\n<\/li>\n<li data-start=\"224\" data-end=\"250\" data-is-last-node=\"\">\n<p data-start=\"226\" data-end=\"250\" data-is-last-node=\"\">Solid brass valve body<\/p>\n<\/li>\n<\/ul>\n","protected":false},"featured_media":8604,"comment_status":"open","ping_status":"closed","template":"","meta":[],"product_brand":[],"product_cat":[1680,1678],"product_tag":[1734,1752,1739,1738],"class_list":{"0":"post-10235","1":"product","2":"type-product","3":"status-publish","4":"has-post-thumbnail","6":"product_cat-hot-cold-standing-shower","7":"product_cat-standing-shower","8":"product_tag-luxta-en-2","9":"product_tag-sen-tam-dung-nong-lanh-luxta-en-2","10":"product_tag-thiet-bi-nha-tam-en-2","11":"product_tag-thiet-bi-ve-sinh-luxta-en-2","13":"first","14":"instock","15":"shipping-taxable","16":"product-type-simple"},"yoast_head":"<!-- This site is optimized with the Yoast SEO plugin v27.5 - https:\/\/yoast.com\/product\/yoast-seo-wordpress\/ -->\n<title>LUXTA HOT AND COLD STANDING SHOWER L7221 &#187; LUXTA<\/title>\n<meta name=\"description\" content=\"Sen t\u1eafm \u0111\u1ee9ng n\u00f3ng l\u1ea1nh Luxta L7221 \u0111\u01a1n gi\u1ea3n, sang tr\u1ecdng, \u0111\u01b0\u1ee3c l\u00e0m t\u1eeb nguy\u00ean li\u1ec7u \u0111\u1ed3ng nguy\u00ean kh\u1ed1i cao c\u1ea5p, ho\u1ea1t \u0111\u1ed9ng d\u1ec5 d\u00e0ng v\u1edbi \u0111\u1ed9 b\u1ec1n cao g\u1ea5p \u0111\u00f4i c\u00e1c sen t\u1eafm \u0111\u1ee9ng ch\u1ea5t li\u1ec7u th\u01b0\u1eddng. H\u1ec7 th\u1ed1ng v\u00f2i v\u00e0 d\u00e2y d\u1eabn \u0111\u01b0\u1ee3c thi\u1ebft k\u1ebf ch\u1eb7t ch\u1ebd, li\u00ean k\u1ebft b\u1ec1n v\u1eefng gi\u1eefa c\u00e1c m\u1ed1i n\u1ed1i t\u1ea1o s\u1ef1 ti\u1ec7n l\u1ee3i trong qu\u00e1 tr\u00ecnh l\u1eafp r\u00e1p, di chuy\u1ec3n, \u0111\u1ea3m b\u1ea3o an to\u00e0n cho ng\u01b0\u1eddi s\u1eed d\u1ee5ng.\" \/>\n<meta name=\"robots\" content=\"index, follow, max-snippet:-1, max-image-preview:large, max-video-preview:-1\" \/>\n<link rel=\"canonical\" href=\"https:\/\/luxta.com.vn\/en\/product\/luxta-hot-and-cold-standing-shower-l7221\/\" \/>\n<meta property=\"og:locale\" content=\"en_US\" \/>\n<meta property=\"og:type\" content=\"article\" \/>\n<meta property=\"og:title\" content=\"LUXTA HOT AND COLD STANDING SHOWER L7221 &#187; LUXTA\" \/>\n<meta property=\"og:description\" content=\"Sen t\u1eafm \u0111\u1ee9ng n\u00f3ng l\u1ea1nh Luxta L7221 \u0111\u01a1n gi\u1ea3n, sang tr\u1ecdng, \u0111\u01b0\u1ee3c l\u00e0m t\u1eeb nguy\u00ean li\u1ec7u \u0111\u1ed3ng nguy\u00ean kh\u1ed1i cao c\u1ea5p, ho\u1ea1t \u0111\u1ed9ng d\u1ec5 d\u00e0ng v\u1edbi \u0111\u1ed9 b\u1ec1n cao g\u1ea5p \u0111\u00f4i c\u00e1c sen t\u1eafm \u0111\u1ee9ng ch\u1ea5t li\u1ec7u th\u01b0\u1eddng. H\u1ec7 th\u1ed1ng v\u00f2i v\u00e0 d\u00e2y d\u1eabn \u0111\u01b0\u1ee3c thi\u1ebft k\u1ebf ch\u1eb7t ch\u1ebd, li\u00ean k\u1ebft b\u1ec1n v\u1eefng gi\u1eefa c\u00e1c m\u1ed1i n\u1ed1i t\u1ea1o s\u1ef1 ti\u1ec7n l\u1ee3i trong qu\u00e1 tr\u00ecnh l\u1eafp r\u00e1p, di chuy\u1ec3n, \u0111\u1ea3m b\u1ea3o an to\u00e0n cho ng\u01b0\u1eddi s\u1eed d\u1ee5ng.\" \/>\n<meta property=\"og:url\" content=\"https:\/\/luxta.com.vn\/en\/product\/luxta-hot-and-cold-standing-shower-l7221\/\" \/>\n<meta property=\"og:site_name\" content=\"LUXTA\" \/>\n<meta property=\"article:publisher\" content=\"https:\/\/www.facebook.com\/senvoicaocapluxta\" \/>\n<meta property=\"article:modified_time\" content=\"2025-08-21T08:56:29+00:00\" \/>\n<meta property=\"og:image\" content=\"https:\/\/luxta.com.vn\/wp-content\/uploads\/2022\/02\/snapedit_1745462339430-3.jpeg\" \/>\n\t<meta property=\"og:image:width\" content=\"1600\" \/>\n\t<meta property=\"og:image:height\" content=\"1600\" \/>\n\t<meta property=\"og:image:type\" content=\"image\/jpeg\" \/>\n<meta name=\"twitter:card\" content=\"summary_large_image\" \/>\n<meta name=\"twitter:label1\" content=\"Est. reading time\" \/>\n\t<meta name=\"twitter:data1\" content=\"7 minutes\" \/>\n<script type=\"application\/ld+json\" class=\"yoast-schema-graph\">{\"@context\":\"https:\\\/\\\/schema.org\",\"@graph\":[{\"@type\":\"WebPage\",\"@id\":\"https:\\\/\\\/luxta.com.vn\\\/en\\\/product\\\/luxta-hot-and-cold-standing-shower-l7221\\\/\",\"url\":\"https:\\\/\\\/luxta.com.vn\\\/en\\\/product\\\/luxta-hot-and-cold-standing-shower-l7221\\\/\",\"name\":\"LUXTA HOT AND COLD STANDING SHOWER L7221 &#187; LUXTA\",\"isPartOf\":{\"@id\":\"https:\\\/\\\/luxta.com.vn\\\/#website\"},\"primaryImageOfPage\":{\"@id\":\"https:\\\/\\\/luxta.com.vn\\\/en\\\/product\\\/luxta-hot-and-cold-standing-shower-l7221\\\/#primaryimage\"},\"image\":{\"@id\":\"https:\\\/\\\/luxta.com.vn\\\/en\\\/product\\\/luxta-hot-and-cold-standing-shower-l7221\\\/#primaryimage\"},\"thumbnailUrl\":\"https:\\\/\\\/luxta.com.vn\\\/wp-content\\\/uploads\\\/2022\\\/02\\\/snapedit_1745462339430-3.jpeg\",\"datePublished\":\"2022-02-15T19:21:29+00:00\",\"dateModified\":\"2025-08-21T08:56:29+00:00\",\"description\":\"Sen t\u1eafm \u0111\u1ee9ng n\u00f3ng l\u1ea1nh Luxta L7221 \u0111\u01a1n gi\u1ea3n, sang tr\u1ecdng, \u0111\u01b0\u1ee3c l\u00e0m t\u1eeb nguy\u00ean li\u1ec7u \u0111\u1ed3ng nguy\u00ean kh\u1ed1i cao c\u1ea5p, ho\u1ea1t \u0111\u1ed9ng d\u1ec5 d\u00e0ng v\u1edbi \u0111\u1ed9 b\u1ec1n cao g\u1ea5p \u0111\u00f4i c\u00e1c sen t\u1eafm \u0111\u1ee9ng ch\u1ea5t li\u1ec7u th\u01b0\u1eddng. H\u1ec7 th\u1ed1ng v\u00f2i v\u00e0 d\u00e2y d\u1eabn \u0111\u01b0\u1ee3c thi\u1ebft k\u1ebf ch\u1eb7t ch\u1ebd, li\u00ean k\u1ebft b\u1ec1n v\u1eefng gi\u1eefa c\u00e1c m\u1ed1i n\u1ed1i t\u1ea1o s\u1ef1 ti\u1ec7n l\u1ee3i trong qu\u00e1 tr\u00ecnh l\u1eafp r\u00e1p, di chuy\u1ec3n, \u0111\u1ea3m b\u1ea3o an to\u00e0n cho ng\u01b0\u1eddi s\u1eed d\u1ee5ng.\",\"breadcrumb\":{\"@id\":\"https:\\\/\\\/luxta.com.vn\\\/en\\\/product\\\/luxta-hot-and-cold-standing-shower-l7221\\\/#breadcrumb\"},\"inLanguage\":\"en-US\",\"potentialAction\":[{\"@type\":\"ReadAction\",\"target\":[\"https:\\\/\\\/luxta.com.vn\\\/en\\\/product\\\/luxta-hot-and-cold-standing-shower-l7221\\\/\"]}]},{\"@type\":\"ImageObject\",\"inLanguage\":\"en-US\",\"@id\":\"https:\\\/\\\/luxta.com.vn\\\/en\\\/product\\\/luxta-hot-and-cold-standing-shower-l7221\\\/#primaryimage\",\"url\":\"https:\\\/\\\/luxta.com.vn\\\/wp-content\\\/uploads\\\/2022\\\/02\\\/snapedit_1745462339430-3.jpeg\",\"contentUrl\":\"https:\\\/\\\/luxta.com.vn\\\/wp-content\\\/uploads\\\/2022\\\/02\\\/snapedit_1745462339430-3.jpeg\",\"width\":1600,\"height\":1600},{\"@type\":\"BreadcrumbList\",\"@id\":\"https:\\\/\\\/luxta.com.vn\\\/en\\\/product\\\/luxta-hot-and-cold-standing-shower-l7221\\\/#breadcrumb\",\"itemListElement\":[{\"@type\":\"ListItem\",\"position\":1,\"name\":\"Trang ch\u1ee7\",\"item\":\"http:\\\/\\\/luxta.com.vn\\\/en\\\/\"},{\"@type\":\"ListItem\",\"position\":2,\"name\":\"Shop\",\"item\":\"http:\\\/\\\/luxta.com.vn\\\/en\\\/shop\\\/\"},{\"@type\":\"ListItem\",\"position\":3,\"name\":\"LUXTA HOT AND COLD STANDING SHOWER L7221\"}]},{\"@type\":\"WebSite\",\"@id\":\"https:\\\/\\\/luxta.com.vn\\\/#website\",\"url\":\"https:\\\/\\\/luxta.com.vn\\\/\",\"name\":\"LUXTA\",\"description\":\"More quality for life\",\"publisher\":{\"@id\":\"https:\\\/\\\/luxta.com.vn\\\/#organization\"},\"potentialAction\":[{\"@type\":\"SearchAction\",\"target\":{\"@type\":\"EntryPoint\",\"urlTemplate\":\"https:\\\/\\\/luxta.com.vn\\\/?s={search_term_string}\"},\"query-input\":{\"@type\":\"PropertyValueSpecification\",\"valueRequired\":true,\"valueName\":\"search_term_string\"}}],\"inLanguage\":\"en-US\"},{\"@type\":\"Organization\",\"@id\":\"https:\\\/\\\/luxta.com.vn\\\/#organization\",\"name\":\"LUXTA\",\"url\":\"https:\\\/\\\/luxta.com.vn\\\/\",\"logo\":{\"@type\":\"ImageObject\",\"inLanguage\":\"en-US\",\"@id\":\"https:\\\/\\\/luxta.com.vn\\\/#\\\/schema\\\/logo\\\/image\\\/\",\"url\":\"https:\\\/\\\/luxta.com.vn\\\/wp-content\\\/uploads\\\/2022\\\/01\\\/logo_luxta.png\",\"contentUrl\":\"https:\\\/\\\/luxta.com.vn\\\/wp-content\\\/uploads\\\/2022\\\/01\\\/logo_luxta.png\",\"width\":241,\"height\":93,\"caption\":\"LUXTA\"},\"image\":{\"@id\":\"https:\\\/\\\/luxta.com.vn\\\/#\\\/schema\\\/logo\\\/image\\\/\"},\"sameAs\":[\"https:\\\/\\\/www.facebook.com\\\/senvoicaocapluxta\"]}]}<\/script>\n<!-- \/ Yoast SEO plugin. -->","yoast_head_json":{"title":"LUXTA HOT AND COLD STANDING SHOWER L7221 &#187; LUXTA","description":"Sen t\u1eafm \u0111\u1ee9ng n\u00f3ng l\u1ea1nh Luxta L7221 \u0111\u01a1n gi\u1ea3n, sang tr\u1ecdng, \u0111\u01b0\u1ee3c l\u00e0m t\u1eeb nguy\u00ean li\u1ec7u \u0111\u1ed3ng nguy\u00ean kh\u1ed1i cao c\u1ea5p, ho\u1ea1t \u0111\u1ed9ng d\u1ec5 d\u00e0ng v\u1edbi \u0111\u1ed9 b\u1ec1n cao g\u1ea5p \u0111\u00f4i c\u00e1c sen t\u1eafm \u0111\u1ee9ng ch\u1ea5t li\u1ec7u th\u01b0\u1eddng. H\u1ec7 th\u1ed1ng v\u00f2i v\u00e0 d\u00e2y d\u1eabn \u0111\u01b0\u1ee3c thi\u1ebft k\u1ebf ch\u1eb7t ch\u1ebd, li\u00ean k\u1ebft b\u1ec1n v\u1eefng gi\u1eefa c\u00e1c m\u1ed1i n\u1ed1i t\u1ea1o s\u1ef1 ti\u1ec7n l\u1ee3i trong qu\u00e1 tr\u00ecnh l\u1eafp r\u00e1p, di chuy\u1ec3n, \u0111\u1ea3m b\u1ea3o an to\u00e0n cho ng\u01b0\u1eddi s\u1eed d\u1ee5ng.","robots":{"index":"index","follow":"follow","max-snippet":"max-snippet:-1","max-image-preview":"max-image-preview:large","max-video-preview":"max-video-preview:-1"},"canonical":"https:\/\/luxta.com.vn\/en\/product\/luxta-hot-and-cold-standing-shower-l7221\/","og_locale":"en_US","og_type":"article","og_title":"LUXTA HOT AND COLD STANDING SHOWER L7221 &#187; LUXTA","og_description":"Sen t\u1eafm \u0111\u1ee9ng n\u00f3ng l\u1ea1nh Luxta L7221 \u0111\u01a1n gi\u1ea3n, sang tr\u1ecdng, \u0111\u01b0\u1ee3c l\u00e0m t\u1eeb nguy\u00ean li\u1ec7u \u0111\u1ed3ng nguy\u00ean kh\u1ed1i cao c\u1ea5p, ho\u1ea1t \u0111\u1ed9ng d\u1ec5 d\u00e0ng v\u1edbi \u0111\u1ed9 b\u1ec1n cao g\u1ea5p \u0111\u00f4i c\u00e1c sen t\u1eafm \u0111\u1ee9ng ch\u1ea5t li\u1ec7u th\u01b0\u1eddng. H\u1ec7 th\u1ed1ng v\u00f2i v\u00e0 d\u00e2y d\u1eabn \u0111\u01b0\u1ee3c thi\u1ebft k\u1ebf ch\u1eb7t ch\u1ebd, li\u00ean k\u1ebft b\u1ec1n v\u1eefng gi\u1eefa c\u00e1c m\u1ed1i n\u1ed1i t\u1ea1o s\u1ef1 ti\u1ec7n l\u1ee3i trong qu\u00e1 tr\u00ecnh l\u1eafp r\u00e1p, di chuy\u1ec3n, \u0111\u1ea3m b\u1ea3o an to\u00e0n cho ng\u01b0\u1eddi s\u1eed d\u1ee5ng.","og_url":"https:\/\/luxta.com.vn\/en\/product\/luxta-hot-and-cold-standing-shower-l7221\/","og_site_name":"LUXTA","article_publisher":"https:\/\/www.facebook.com\/senvoicaocapluxta","article_modified_time":"2025-08-21T08:56:29+00:00","og_image":[{"width":1600,"height":1600,"url":"https:\/\/luxta.com.vn\/wp-content\/uploads\/2022\/02\/snapedit_1745462339430-3.jpeg","type":"image\/jpeg"}],"twitter_card":"summary_large_image","twitter_misc":{"Est. reading time":"7 minutes"},"schema":{"@context":"https:\/\/schema.org","@graph":[{"@type":"WebPage","@id":"https:\/\/luxta.com.vn\/en\/product\/luxta-hot-and-cold-standing-shower-l7221\/","url":"https:\/\/luxta.com.vn\/en\/product\/luxta-hot-and-cold-standing-shower-l7221\/","name":"LUXTA HOT AND COLD STANDING SHOWER L7221 &#187; LUXTA","isPartOf":{"@id":"https:\/\/luxta.com.vn\/#website"},"primaryImageOfPage":{"@id":"https:\/\/luxta.com.vn\/en\/product\/luxta-hot-and-cold-standing-shower-l7221\/#primaryimage"},"image":{"@id":"https:\/\/luxta.com.vn\/en\/product\/luxta-hot-and-cold-standing-shower-l7221\/#primaryimage"},"thumbnailUrl":"https:\/\/luxta.com.vn\/wp-content\/uploads\/2022\/02\/snapedit_1745462339430-3.jpeg","datePublished":"2022-02-15T19:21:29+00:00","dateModified":"2025-08-21T08:56:29+00:00","description":"Sen t\u1eafm \u0111\u1ee9ng n\u00f3ng l\u1ea1nh Luxta L7221 \u0111\u01a1n gi\u1ea3n, sang tr\u1ecdng, \u0111\u01b0\u1ee3c l\u00e0m t\u1eeb nguy\u00ean li\u1ec7u \u0111\u1ed3ng nguy\u00ean kh\u1ed1i cao c\u1ea5p, ho\u1ea1t \u0111\u1ed9ng d\u1ec5 d\u00e0ng v\u1edbi \u0111\u1ed9 b\u1ec1n cao g\u1ea5p \u0111\u00f4i c\u00e1c sen t\u1eafm \u0111\u1ee9ng ch\u1ea5t li\u1ec7u th\u01b0\u1eddng. H\u1ec7 th\u1ed1ng v\u00f2i v\u00e0 d\u00e2y d\u1eabn \u0111\u01b0\u1ee3c thi\u1ebft k\u1ebf ch\u1eb7t ch\u1ebd, li\u00ean k\u1ebft b\u1ec1n v\u1eefng gi\u1eefa c\u00e1c m\u1ed1i n\u1ed1i t\u1ea1o s\u1ef1 ti\u1ec7n l\u1ee3i trong qu\u00e1 tr\u00ecnh l\u1eafp r\u00e1p, di chuy\u1ec3n, \u0111\u1ea3m b\u1ea3o an to\u00e0n cho ng\u01b0\u1eddi s\u1eed d\u1ee5ng.","breadcrumb":{"@id":"https:\/\/luxta.com.vn\/en\/product\/luxta-hot-and-cold-standing-shower-l7221\/#breadcrumb"},"inLanguage":"en-US","potentialAction":[{"@type":"ReadAction","target":["https:\/\/luxta.com.vn\/en\/product\/luxta-hot-and-cold-standing-shower-l7221\/"]}]},{"@type":"ImageObject","inLanguage":"en-US","@id":"https:\/\/luxta.com.vn\/en\/product\/luxta-hot-and-cold-standing-shower-l7221\/#primaryimage","url":"https:\/\/luxta.com.vn\/wp-content\/uploads\/2022\/02\/snapedit_1745462339430-3.jpeg","contentUrl":"https:\/\/luxta.com.vn\/wp-content\/uploads\/2022\/02\/snapedit_1745462339430-3.jpeg","width":1600,"height":1600},{"@type":"BreadcrumbList","@id":"https:\/\/luxta.com.vn\/en\/product\/luxta-hot-and-cold-standing-shower-l7221\/#breadcrumb","itemListElement":[{"@type":"ListItem","position":1,"name":"Trang ch\u1ee7","item":"http:\/\/luxta.com.vn\/en\/"},{"@type":"ListItem","position":2,"name":"Shop","item":"http:\/\/luxta.com.vn\/en\/shop\/"},{"@type":"ListItem","position":3,"name":"LUXTA HOT AND COLD STANDING SHOWER L7221"}]},{"@type":"WebSite","@id":"https:\/\/luxta.com.vn\/#website","url":"https:\/\/luxta.com.vn\/","name":"LUXTA","description":"More quality for life","publisher":{"@id":"https:\/\/luxta.com.vn\/#organization"},"potentialAction":[{"@type":"SearchAction","target":{"@type":"EntryPoint","urlTemplate":"https:\/\/luxta.com.vn\/?s={search_term_string}"},"query-input":{"@type":"PropertyValueSpecification","valueRequired":true,"valueName":"search_term_string"}}],"inLanguage":"en-US"},{"@type":"Organization","@id":"https:\/\/luxta.com.vn\/#organization","name":"LUXTA","url":"https:\/\/luxta.com.vn\/","logo":{"@type":"ImageObject","inLanguage":"en-US","@id":"https:\/\/luxta.com.vn\/#\/schema\/logo\/image\/","url":"https:\/\/luxta.com.vn\/wp-content\/uploads\/2022\/01\/logo_luxta.png","contentUrl":"https:\/\/luxta.com.vn\/wp-content\/uploads\/2022\/01\/logo_luxta.png","width":241,"height":93,"caption":"LUXTA"},"image":{"@id":"https:\/\/luxta.com.vn\/#\/schema\/logo\/image\/"},"sameAs":["https:\/\/www.facebook.com\/senvoicaocapluxta"]}]}},"_links":{"self":[{"href":"https:\/\/luxta.com.vn\/en\/wp-json\/wp\/v2\/product\/10235","targetHints":{"allow":["GET"]}}],"collection":[{"href":"https:\/\/luxta.com.vn\/en\/wp-json\/wp\/v2\/product"}],"about":[{"href":"https:\/\/luxta.com.vn\/en\/wp-json\/wp\/v2\/types\/product"}],"replies":[{"embeddable":true,"href":"https:\/\/luxta.com.vn\/en\/wp-json\/wp\/v2\/comments?post=10235"}],"wp:featuredmedia":[{"embeddable":true,"href":"https:\/\/luxta.com.vn\/en\/wp-json\/wp\/v2\/media\/8604"}],"wp:attachment":[{"href":"https:\/\/luxta.com.vn\/en\/wp-json\/wp\/v2\/media?parent=10235"}],"wp:term":[{"taxonomy":"product_brand","embeddable":true,"href":"https:\/\/luxta.com.vn\/en\/wp-json\/wp\/v2\/product_brand?post=10235"},{"taxonomy":"product_cat","embeddable":true,"href":"https:\/\/luxta.com.vn\/en\/wp-json\/wp\/v2\/product_cat?post=10235"},{"taxonomy":"product_tag","embeddable":true,"href":"https:\/\/luxta.com.vn\/en\/wp-json\/wp\/v2\/product_tag?post=10235"}],"curies":[{"name":"wp","href":"https:\/\/api.w.org\/{rel}","templated":true}]}}