{"id":10030,"date":"2022-06-10T08:08:51","date_gmt":"2022-06-10T01:08:51","guid":{"rendered":"https:\/\/luxta.com.vn\/san-pham\/voi-xit-luxta-l5106\/"},"modified":"2026-04-18T15:09:54","modified_gmt":"2026-04-18T08:09:54","slug":"luxta-l5106-spray-faucet","status":"publish","type":"product","link":"https:\/\/luxta.com.vn\/en\/product\/luxta-l5106-spray-faucet\/","title":{"rendered":"LUXTA L5106 SPRAY FAUCET"},"content":{"rendered":"<h1><strong>LUXTA BIDET SPRAY<\/strong><\/h1>\n<h1><strong>Model: L5106<\/strong><\/h1>\n<p>&#8212;&#8212;&#8212;&#8212;&#8212;&#8212;&#8212;&#8212;&#8212;<\/p>\n<p>With the desire to bring lasting value over time in every product used daily, <strong>LUXTA<\/strong> designs carry a simple, refined, and luxurious beauty, suitable for all types of bathroom architecture.<\/p>\n<p><strong>Luxta Bidet Spray L5106<\/strong> offers simplicity and elegance. The body is made of high-quality brass, operating easily with twice the durability of common materials. The polished hose is tightly designed, with strong connections between joints, ensuring convenience during assembly and movement, and safety for users.<\/p>\n<h2><strong>\u2733 OUTSTANDING TECHNOLOGY:<\/strong><\/h2>\n<p><img decoding=\"async\" src=\"\/\/bizweb.dktcdn.net\/100\/394\/840\/files\/save-water-luxta.jpg?v=1595209031868\" data-thumb=\"original\" data-cke-saved-src=\"\/\/bizweb.dktcdn.net\/100\/394\/840\/files\/save-water-luxta.jpg?v=1595209031868\" \/><\/p>\n<p><strong>Water-saving technology<\/strong><\/p>\n<p><strong>\u2733 OUTSTANDING FEATURES <\/strong><strong>OF LUXTA BIDET SPRAY:<\/strong><\/p>\n<p>\u2714 Modern, luxurious design<\/p>\n<p>\u2714 Made from premium brass material<\/p>\n<p>\u2714 Aesthetic, refined push-button design<\/p>\n<p>\u2714 Protective cap prevents dirt buildup on the spray head, adding a highlight to the bathroom space<\/p>\n<p>\u2714 Designed for smooth water flow<\/p>\n<p><strong>\u2733 ADVANTAGES <\/strong><strong>OF LUXTA BIDET SPRAY:<\/strong><\/p>\n<p>\u2714 Easy to use<\/p>\n<p>\u2714 Environmentally friendly<\/p>\n<p>\u2714 Easy to clean<\/p>\n<p>\u2714 Optimal anti-dirt performance<\/p>\n<p>\u2714 Reduces the need for cleaning agents<\/p>\n<p>With these advantages, <strong>Luxta Bidet Spray L5106<\/strong> will make your bathroom more elegant and refined, bringing a modern touch to your space. With LUXTA, you can save water while still enjoying a wonderful sense of relaxation right in your own home. We not only care about cleanliness but also about hygiene.<\/p>\n<p>When purchasing a <em><u>Luxta Bidet Spray<\/u><\/em>, customers will receive thorough consultation and selection from our staff. Our products are guaranteed 100% genuine. We say no to counterfeit and imitation goods.<\/p>\n<p><strong>\u2733 SPECIAL: FREE SHIPPING WITHIN HO CHI MINH CITY<\/strong><\/p>\n<p>==========================<\/p>\n<p>For more details, please contact:<\/p>\n<p><strong>\u2733 LUXTA FAUCETS &amp; SHOWERS<\/strong><\/p>\n<p>\u2733 Address: 2C Street No. 10, Binh Hung Hoa A Ward, Binh Tan District, Ho Chi Minh City<\/p>\n<p>\u2733 Address: 569\u2013571 Luy Ban Bich Street, Phu Thanh Ward, Tan Phu District, Ho Chi Minh City<\/p>\n<p><strong>\u2733 Facebook Fanpage:<\/strong><\/p>\n<p><a href=\"https:\/\/www.facebook.com\/senvoichinhhang\" data-cke-saved-href=\"https:\/\/www.facebook.com\/senvoichinhhang\">https:\/\/www.facebook.com\/senvoichinhhang<\/a><\/p>\n","protected":false},"excerpt":{"rendered":"<p data-start=\"0\" data-end=\"45\">\u2714 Spray gun with a modern, luxurious design<\/p>\n<p data-start=\"47\" data-end=\"91\">\u2714 Push button made from high-quality metal<\/p>\n<p data-start=\"93\" data-end=\"173\">\u2714 Cap helps protect the spray head from dirt, adding a highlight to your space<\/p>\n<p data-start=\"175\" data-end=\"227\">\u2714 Chrome-nickel plated for long-lasting durability<\/p>\n<p data-start=\"229\" data-end=\"265\" data-is-last-node=\"\" data-is-only-node=\"\">\u2714 Design ensures smooth water flow<\/p>\n","protected":false},"featured_media":7749,"comment_status":"open","ping_status":"closed","template":"","meta":[],"product_brand":[],"product_cat":[1673,1689],"product_tag":[1734,1739,1738,1748,1749],"class_list":{"0":"post-10030","1":"product","2":"type-product","3":"status-publish","4":"has-post-thumbnail","6":"product_cat-shower","7":"product_cat-spray-faucet","8":"product_tag-luxta-en-2","9":"product_tag-thiet-bi-nha-tam-en-2","10":"product_tag-thiet-bi-ve-sinh-luxta-en-2","11":"product_tag-voi-xit-luxta-l5106c-en-2","12":"product_tag-voi-xit-ve-sinh-luxta-en-2","14":"first","15":"instock","16":"shipping-taxable","17":"product-type-simple"},"yoast_head":"<!-- This site is optimized with the Yoast SEO plugin v27.4 - https:\/\/yoast.com\/product\/yoast-seo-wordpress\/ -->\n<title>LUXTA L5106 SPRAY FAUCET &#187; LUXTA<\/title>\n<meta name=\"description\" content=\"V\u00f2i x\u1ecbt Luxta sang tr\u1ecdng, \u0111\u01b0\u1ee3c l\u00e0m t\u1eeb ch\u1ea5t li\u1ec7u \u0111\u1ed3ng thau kh\u1ed1i cao c\u1ea5p, ho\u1ea1t \u0111\u1ed9ng d\u1ec5 d\u00e0ng v\u1edbi \u0111\u1ed9 b\u1ec1n cao g\u1ea5p \u0111\u00f4i, gi\u00fap s\u1ea3n ph\u1ea9m lu\u00f4n b\u1ec1n b\u1ec9\" \/>\n<meta name=\"robots\" content=\"index, follow, max-snippet:-1, max-image-preview:large, max-video-preview:-1\" \/>\n<link rel=\"canonical\" href=\"https:\/\/luxta.com.vn\/en\/product\/luxta-l5106-spray-faucet\/\" \/>\n<meta property=\"og:locale\" content=\"en_US\" \/>\n<meta property=\"og:type\" content=\"article\" \/>\n<meta property=\"og:title\" content=\"LUXTA L5106 SPRAY FAUCET &#187; LUXTA\" \/>\n<meta property=\"og:description\" content=\"V\u00f2i x\u1ecbt Luxta sang tr\u1ecdng, \u0111\u01b0\u1ee3c l\u00e0m t\u1eeb ch\u1ea5t li\u1ec7u \u0111\u1ed3ng thau kh\u1ed1i cao c\u1ea5p, ho\u1ea1t \u0111\u1ed9ng d\u1ec5 d\u00e0ng v\u1edbi \u0111\u1ed9 b\u1ec1n cao g\u1ea5p \u0111\u00f4i, gi\u00fap s\u1ea3n ph\u1ea9m lu\u00f4n b\u1ec1n b\u1ec9\" \/>\n<meta property=\"og:url\" content=\"https:\/\/luxta.com.vn\/en\/product\/luxta-l5106-spray-faucet\/\" \/>\n<meta property=\"og:site_name\" content=\"LUXTA\" \/>\n<meta property=\"article:publisher\" content=\"https:\/\/www.facebook.com\/senvoicaocapluxta\" \/>\n<meta property=\"article:modified_time\" content=\"2026-04-18T08:09:54+00:00\" \/>\n<meta property=\"og:image\" content=\"https:\/\/luxta.com.vn\/wp-content\/uploads\/2022\/06\/snapedit_1702623025207-800x800.png\" \/>\n\t<meta property=\"og:image:width\" content=\"800\" \/>\n\t<meta property=\"og:image:height\" content=\"800\" \/>\n\t<meta property=\"og:image:type\" content=\"image\/png\" \/>\n<meta name=\"twitter:card\" content=\"summary_large_image\" \/>\n<meta name=\"twitter:label1\" content=\"Est. reading time\" \/>\n\t<meta name=\"twitter:data1\" content=\"3 minutes\" \/>\n<script type=\"application\/ld+json\" class=\"yoast-schema-graph\">{\"@context\":\"https:\\\/\\\/schema.org\",\"@graph\":[{\"@type\":\"WebPage\",\"@id\":\"https:\\\/\\\/luxta.com.vn\\\/en\\\/product\\\/luxta-l5106-spray-faucet\\\/\",\"url\":\"https:\\\/\\\/luxta.com.vn\\\/en\\\/product\\\/luxta-l5106-spray-faucet\\\/\",\"name\":\"LUXTA L5106 SPRAY FAUCET &#187; LUXTA\",\"isPartOf\":{\"@id\":\"http:\\\/\\\/luxta.com.vn\\\/#website\"},\"primaryImageOfPage\":{\"@id\":\"https:\\\/\\\/luxta.com.vn\\\/en\\\/product\\\/luxta-l5106-spray-faucet\\\/#primaryimage\"},\"image\":{\"@id\":\"https:\\\/\\\/luxta.com.vn\\\/en\\\/product\\\/luxta-l5106-spray-faucet\\\/#primaryimage\"},\"thumbnailUrl\":\"https:\\\/\\\/luxta.com.vn\\\/wp-content\\\/uploads\\\/2022\\\/06\\\/snapedit_1702623025207.png\",\"datePublished\":\"2022-06-10T01:08:51+00:00\",\"dateModified\":\"2026-04-18T08:09:54+00:00\",\"description\":\"V\u00f2i x\u1ecbt Luxta sang tr\u1ecdng, \u0111\u01b0\u1ee3c l\u00e0m t\u1eeb ch\u1ea5t li\u1ec7u \u0111\u1ed3ng thau kh\u1ed1i cao c\u1ea5p, ho\u1ea1t \u0111\u1ed9ng d\u1ec5 d\u00e0ng v\u1edbi \u0111\u1ed9 b\u1ec1n cao g\u1ea5p \u0111\u00f4i, gi\u00fap s\u1ea3n ph\u1ea9m lu\u00f4n b\u1ec1n b\u1ec9\",\"breadcrumb\":{\"@id\":\"https:\\\/\\\/luxta.com.vn\\\/en\\\/product\\\/luxta-l5106-spray-faucet\\\/#breadcrumb\"},\"inLanguage\":\"en-US\",\"potentialAction\":[{\"@type\":\"ReadAction\",\"target\":[\"https:\\\/\\\/luxta.com.vn\\\/en\\\/product\\\/luxta-l5106-spray-faucet\\\/\"]}]},{\"@type\":\"ImageObject\",\"inLanguage\":\"en-US\",\"@id\":\"https:\\\/\\\/luxta.com.vn\\\/en\\\/product\\\/luxta-l5106-spray-faucet\\\/#primaryimage\",\"url\":\"https:\\\/\\\/luxta.com.vn\\\/wp-content\\\/uploads\\\/2022\\\/06\\\/snapedit_1702623025207.png\",\"contentUrl\":\"https:\\\/\\\/luxta.com.vn\\\/wp-content\\\/uploads\\\/2022\\\/06\\\/snapedit_1702623025207.png\",\"width\":2400,\"height\":2400},{\"@type\":\"BreadcrumbList\",\"@id\":\"https:\\\/\\\/luxta.com.vn\\\/en\\\/product\\\/luxta-l5106-spray-faucet\\\/#breadcrumb\",\"itemListElement\":[{\"@type\":\"ListItem\",\"position\":1,\"name\":\"Trang ch\u1ee7\",\"item\":\"http:\\\/\\\/luxta.com.vn\\\/en\\\/\"},{\"@type\":\"ListItem\",\"position\":2,\"name\":\"Shop\",\"item\":\"http:\\\/\\\/luxta.com.vn\\\/en\\\/shop\\\/\"},{\"@type\":\"ListItem\",\"position\":3,\"name\":\"LUXTA L5106 SPRAY FAUCET\"}]},{\"@type\":\"WebSite\",\"@id\":\"http:\\\/\\\/luxta.com.vn\\\/#website\",\"url\":\"http:\\\/\\\/luxta.com.vn\\\/\",\"name\":\"LUXTA\",\"description\":\"More quality for life\",\"publisher\":{\"@id\":\"http:\\\/\\\/luxta.com.vn\\\/#organization\"},\"potentialAction\":[{\"@type\":\"SearchAction\",\"target\":{\"@type\":\"EntryPoint\",\"urlTemplate\":\"http:\\\/\\\/luxta.com.vn\\\/?s={search_term_string}\"},\"query-input\":{\"@type\":\"PropertyValueSpecification\",\"valueRequired\":true,\"valueName\":\"search_term_string\"}}],\"inLanguage\":\"en-US\"},{\"@type\":\"Organization\",\"@id\":\"http:\\\/\\\/luxta.com.vn\\\/#organization\",\"name\":\"LUXTA\",\"url\":\"http:\\\/\\\/luxta.com.vn\\\/\",\"logo\":{\"@type\":\"ImageObject\",\"inLanguage\":\"en-US\",\"@id\":\"http:\\\/\\\/luxta.com.vn\\\/#\\\/schema\\\/logo\\\/image\\\/\",\"url\":\"https:\\\/\\\/luxta.com.vn\\\/wp-content\\\/uploads\\\/2022\\\/01\\\/logo_luxta.png\",\"contentUrl\":\"https:\\\/\\\/luxta.com.vn\\\/wp-content\\\/uploads\\\/2022\\\/01\\\/logo_luxta.png\",\"width\":241,\"height\":93,\"caption\":\"LUXTA\"},\"image\":{\"@id\":\"http:\\\/\\\/luxta.com.vn\\\/#\\\/schema\\\/logo\\\/image\\\/\"},\"sameAs\":[\"https:\\\/\\\/www.facebook.com\\\/senvoicaocapluxta\"]}]}<\/script>\n<!-- \/ Yoast SEO plugin. -->","yoast_head_json":{"title":"LUXTA L5106 SPRAY FAUCET &#187; LUXTA","description":"V\u00f2i x\u1ecbt Luxta sang tr\u1ecdng, \u0111\u01b0\u1ee3c l\u00e0m t\u1eeb ch\u1ea5t li\u1ec7u \u0111\u1ed3ng thau kh\u1ed1i cao c\u1ea5p, ho\u1ea1t \u0111\u1ed9ng d\u1ec5 d\u00e0ng v\u1edbi \u0111\u1ed9 b\u1ec1n cao g\u1ea5p \u0111\u00f4i, gi\u00fap s\u1ea3n ph\u1ea9m lu\u00f4n b\u1ec1n b\u1ec9","robots":{"index":"index","follow":"follow","max-snippet":"max-snippet:-1","max-image-preview":"max-image-preview:large","max-video-preview":"max-video-preview:-1"},"canonical":"https:\/\/luxta.com.vn\/en\/product\/luxta-l5106-spray-faucet\/","og_locale":"en_US","og_type":"article","og_title":"LUXTA L5106 SPRAY FAUCET &#187; LUXTA","og_description":"V\u00f2i x\u1ecbt Luxta sang tr\u1ecdng, \u0111\u01b0\u1ee3c l\u00e0m t\u1eeb ch\u1ea5t li\u1ec7u \u0111\u1ed3ng thau kh\u1ed1i cao c\u1ea5p, ho\u1ea1t \u0111\u1ed9ng d\u1ec5 d\u00e0ng v\u1edbi \u0111\u1ed9 b\u1ec1n cao g\u1ea5p \u0111\u00f4i, gi\u00fap s\u1ea3n ph\u1ea9m lu\u00f4n b\u1ec1n b\u1ec9","og_url":"https:\/\/luxta.com.vn\/en\/product\/luxta-l5106-spray-faucet\/","og_site_name":"LUXTA","article_publisher":"https:\/\/www.facebook.com\/senvoicaocapluxta","article_modified_time":"2026-04-18T08:09:54+00:00","og_image":[{"width":800,"height":800,"url":"https:\/\/luxta.com.vn\/wp-content\/uploads\/2022\/06\/snapedit_1702623025207-800x800.png","type":"image\/png"}],"twitter_card":"summary_large_image","twitter_misc":{"Est. reading time":"3 minutes"},"schema":{"@context":"https:\/\/schema.org","@graph":[{"@type":"WebPage","@id":"https:\/\/luxta.com.vn\/en\/product\/luxta-l5106-spray-faucet\/","url":"https:\/\/luxta.com.vn\/en\/product\/luxta-l5106-spray-faucet\/","name":"LUXTA L5106 SPRAY FAUCET &#187; LUXTA","isPartOf":{"@id":"http:\/\/luxta.com.vn\/#website"},"primaryImageOfPage":{"@id":"https:\/\/luxta.com.vn\/en\/product\/luxta-l5106-spray-faucet\/#primaryimage"},"image":{"@id":"https:\/\/luxta.com.vn\/en\/product\/luxta-l5106-spray-faucet\/#primaryimage"},"thumbnailUrl":"https:\/\/luxta.com.vn\/wp-content\/uploads\/2022\/06\/snapedit_1702623025207.png","datePublished":"2022-06-10T01:08:51+00:00","dateModified":"2026-04-18T08:09:54+00:00","description":"V\u00f2i x\u1ecbt Luxta sang tr\u1ecdng, \u0111\u01b0\u1ee3c l\u00e0m t\u1eeb ch\u1ea5t li\u1ec7u \u0111\u1ed3ng thau kh\u1ed1i cao c\u1ea5p, ho\u1ea1t \u0111\u1ed9ng d\u1ec5 d\u00e0ng v\u1edbi \u0111\u1ed9 b\u1ec1n cao g\u1ea5p \u0111\u00f4i, gi\u00fap s\u1ea3n ph\u1ea9m lu\u00f4n b\u1ec1n b\u1ec9","breadcrumb":{"@id":"https:\/\/luxta.com.vn\/en\/product\/luxta-l5106-spray-faucet\/#breadcrumb"},"inLanguage":"en-US","potentialAction":[{"@type":"ReadAction","target":["https:\/\/luxta.com.vn\/en\/product\/luxta-l5106-spray-faucet\/"]}]},{"@type":"ImageObject","inLanguage":"en-US","@id":"https:\/\/luxta.com.vn\/en\/product\/luxta-l5106-spray-faucet\/#primaryimage","url":"https:\/\/luxta.com.vn\/wp-content\/uploads\/2022\/06\/snapedit_1702623025207.png","contentUrl":"https:\/\/luxta.com.vn\/wp-content\/uploads\/2022\/06\/snapedit_1702623025207.png","width":2400,"height":2400},{"@type":"BreadcrumbList","@id":"https:\/\/luxta.com.vn\/en\/product\/luxta-l5106-spray-faucet\/#breadcrumb","itemListElement":[{"@type":"ListItem","position":1,"name":"Trang ch\u1ee7","item":"http:\/\/luxta.com.vn\/en\/"},{"@type":"ListItem","position":2,"name":"Shop","item":"http:\/\/luxta.com.vn\/en\/shop\/"},{"@type":"ListItem","position":3,"name":"LUXTA L5106 SPRAY FAUCET"}]},{"@type":"WebSite","@id":"http:\/\/luxta.com.vn\/#website","url":"http:\/\/luxta.com.vn\/","name":"LUXTA","description":"More quality for life","publisher":{"@id":"http:\/\/luxta.com.vn\/#organization"},"potentialAction":[{"@type":"SearchAction","target":{"@type":"EntryPoint","urlTemplate":"http:\/\/luxta.com.vn\/?s={search_term_string}"},"query-input":{"@type":"PropertyValueSpecification","valueRequired":true,"valueName":"search_term_string"}}],"inLanguage":"en-US"},{"@type":"Organization","@id":"http:\/\/luxta.com.vn\/#organization","name":"LUXTA","url":"http:\/\/luxta.com.vn\/","logo":{"@type":"ImageObject","inLanguage":"en-US","@id":"http:\/\/luxta.com.vn\/#\/schema\/logo\/image\/","url":"https:\/\/luxta.com.vn\/wp-content\/uploads\/2022\/01\/logo_luxta.png","contentUrl":"https:\/\/luxta.com.vn\/wp-content\/uploads\/2022\/01\/logo_luxta.png","width":241,"height":93,"caption":"LUXTA"},"image":{"@id":"http:\/\/luxta.com.vn\/#\/schema\/logo\/image\/"},"sameAs":["https:\/\/www.facebook.com\/senvoicaocapluxta"]}]}},"_links":{"self":[{"href":"https:\/\/luxta.com.vn\/en\/wp-json\/wp\/v2\/product\/10030","targetHints":{"allow":["GET"]}}],"collection":[{"href":"https:\/\/luxta.com.vn\/en\/wp-json\/wp\/v2\/product"}],"about":[{"href":"https:\/\/luxta.com.vn\/en\/wp-json\/wp\/v2\/types\/product"}],"replies":[{"embeddable":true,"href":"https:\/\/luxta.com.vn\/en\/wp-json\/wp\/v2\/comments?post=10030"}],"wp:featuredmedia":[{"embeddable":true,"href":"https:\/\/luxta.com.vn\/en\/wp-json\/wp\/v2\/media\/7749"}],"wp:attachment":[{"href":"https:\/\/luxta.com.vn\/en\/wp-json\/wp\/v2\/media?parent=10030"}],"wp:term":[{"taxonomy":"product_brand","embeddable":true,"href":"https:\/\/luxta.com.vn\/en\/wp-json\/wp\/v2\/product_brand?post=10030"},{"taxonomy":"product_cat","embeddable":true,"href":"https:\/\/luxta.com.vn\/en\/wp-json\/wp\/v2\/product_cat?post=10030"},{"taxonomy":"product_tag","embeddable":true,"href":"https:\/\/luxta.com.vn\/en\/wp-json\/wp\/v2\/product_tag?post=10030"}],"curies":[{"name":"wp","href":"https:\/\/api.w.org\/{rel}","templated":true}]}}