{"id":10015,"date":"2022-06-10T09:05:41","date_gmt":"2022-06-10T02:05:41","guid":{"rendered":"https:\/\/luxta.com.vn\/san-pham\/voi-bep-lanh-luxta-l3102t3b\/"},"modified":"2025-08-21T15:56:17","modified_gmt":"2025-08-21T08:56:17","slug":"luxta-l3102t3b-cold-kitchen-faucet","status":"publish","type":"product","link":"https:\/\/luxta.com.vn\/en\/product\/luxta-l3102t3b-cold-kitchen-faucet\/","title":{"rendered":"LUXTA L3102T3B COLD KITCHEN FAUCET"},"content":{"rendered":"<h1><strong>Luxta Cold Kitchen Faucet<\/strong><\/h1>\n<p>Model: L3102T3B<\/p>\n<p>&#8212;&#8212;&#8212;&#8212;&#8212;&#8212;&#8212;&#8212;&#8212;<\/p>\n<p>With the desire to bring sustainable value over time to each product used daily, <strong>LUXTA<\/strong> designs always carry a simple, sophisticated, and luxurious beauty, suitable for all types of bathroom architecture.<\/p>\n<p><strong>Luxta Cold Kitchen Faucet L3102T3B<\/strong> is simple and elegant, made from high-quality solid brass, operating easily with twice the durability of regular kitchen faucets. The faucet system and hoses are tightly designed, ensuring strong connections between joints for convenience during installation and relocation, while ensuring safety for the user.<\/p>\n<h2><strong>\u2733 OUTSTANDING TECHNOLOGY:<\/strong><\/h2>\n<p><img decoding=\"async\" src=\"\/\/bizweb.dktcdn.net\/100\/394\/840\/files\/save-water-luxta.jpg?v=1595209031868\" data-thumb=\"original\" data-cke-saved-src=\"\/\/bizweb.dktcdn.net\/100\/394\/840\/files\/save-water-luxta.jpg?v=1595209031868\" \/><\/p>\n<p><strong>Water-saving technology<\/strong><\/p>\n<p><strong>\u2733 OUTSTANDING FEATURES <\/strong><strong>OF LUXTA COLD KITCHEN FAUCET:<\/strong><\/p>\n<p>\u2714 Cold kitchen faucet, modern and luxurious design<\/p>\n<p>\u2714 Lever handle made of premium metal material<\/p>\n<p>\u2714 Lever handle with an aesthetic, refined design<\/p>\n<p>\u2714 Chrome\u2013nickel plated for long-lasting durability<\/p>\n<p>\u2714 Solid brass valve body<\/p>\n<p>\u2714 Design ensures smooth water flow<\/p>\n<p><strong>\u2733 ADVANTAGES<\/strong><strong> OF LUXTA COLD KITCHEN FAUCET:<\/strong><\/p>\n<p>\u2714 Easy to use<\/p>\n<p>\u2714 Environmentally friendly<\/p>\n<p>\u2714 Easy to clean<\/p>\n<p>\u2714 Optimal stain resistance<\/p>\n<p>\u2714 Reduces the use of cleaning agents<\/p>\n<p>With these advantages, the <strong>Cold Kitchen Faucet L3102T3B<\/strong> will make your kitchen space more luxurious and sophisticated, adding a modern touch to every Vietnamese kitchen. With LUXTA, you can save water while still enjoying a wonderful relaxing experience right in your own home. We care not only about cleanliness but also about hygiene.<\/p>\n<p>When purchasing a <em><u>Luxta cold kitchen faucet<\/u><\/em>, customers will receive thorough consultation and selection assistance from our staff. We guarantee our products are 100% genuine. We say no to counterfeit and imitation goods.<\/p>\n<p><strong>\u2733 SPECIAL: FREE SHIPPING WITHIN HO CHI MINH CITY<\/strong><\/p>\n<p>=========================<\/p>\n<p>For more details, please contact:<\/p>\n<p><strong>\u2733 LUXTA FAUCETS<\/strong><\/p>\n<p>\u2733 <strong>Address<\/strong>: 2C Street No. 10, Binh Hung Hoa A Ward, Binh Tan District, Ho Chi Minh City<\/p>\n<p>\u2733 <strong>Address<\/strong>: 569\u2013571 Luy Ban Bich Street, Phu Thanh Ward, Tan Phu District, Ho Chi Minh City<\/p>\n<p><strong>\u2733 Facebook Fanpage:<\/strong><\/p>\n<p><a href=\"https:\/\/www.facebook.com\/senvoichinhhang\" data-cke-saved-href=\"https:\/\/www.facebook.com\/senvoichinhhang\">https:\/\/www.facebook.com\/senvoichinhhang<\/a><\/p>\n","protected":false},"excerpt":{"rendered":"<h6 class=\"sr-only\">ChatGPT \u0111\u00e3 n\u00f3i:<\/h6>\n<div class=\"text-base my-auto mx-auto pb-10 [--thread-content-margin:--spacing(4)] @[37rem]:[--thread-content-margin:--spacing(6)] @[72rem]:[--thread-content-margin:--spacing(16)] px-(--thread-content-margin)\">\n<div class=\"[--thread-content-max-width:32rem] @[34rem]:[--thread-content-max-width:40rem] @[64rem]:[--thread-content-max-width:48rem] mx-auto max-w-(--thread-content-max-width) flex-1 group\/turn-messages focus-visible:outline-hidden relative flex w-full min-w-0 flex-col agent-turn\" tabindex=\"-1\">\n<div class=\"flex max-w-full flex-col grow\">\n<div class=\"min-h-8 text-message relative flex w-full flex-col items-end gap-2 text-start break-words whitespace-normal [.text-message+&amp;]:mt-5\" dir=\"auto\" data-message-author-role=\"assistant\" data-message-id=\"923513f1-c06d-4277-b8a6-1d9b856c85ff\" data-message-model-slug=\"gpt-5\">\n<div class=\"flex w-full flex-col gap-1 empty:hidden first:pt-[3px]\">\n<div class=\"markdown prose dark:prose-invert w-full break-words light markdown-new-styling\">\n<p data-start=\"0\" data-end=\"52\">\u2714 Cold kitchen faucet, modern and luxurious design<\/p>\n<p data-start=\"54\" data-end=\"101\">\u2714 Lever handle made of premium metal material<\/p>\n<p data-start=\"103\" data-end=\"166\">\u2714 Aesthetically refined and sophisticated lever handle design<\/p>\n<p data-start=\"168\" data-end=\"220\">\u2714 Chrome-nickel plated for long-lasting durability<\/p>\n<p data-start=\"222\" data-end=\"248\">\u2714 Solid brass valve body<\/p>\n<p data-start=\"250\" data-end=\"288\" data-is-last-node=\"\" data-is-only-node=\"\">\u2714 Design ensures a smooth water flow<\/p>\n<\/div>\n<\/div>\n<\/div>\n<\/div>\n<\/div>\n<\/div>\n","protected":false},"featured_media":9113,"comment_status":"open","ping_status":"closed","template":"","meta":[],"product_brand":[],"product_cat":[1683,1682],"product_tag":[1734,1742,1743,1744],"class_list":{"0":"post-10015","1":"product","2":"type-product","3":"status-publish","4":"has-post-thumbnail","6":"product_cat-cold-kitchen-faucet","7":"product_cat-kitchen-faucet","8":"product_tag-luxta-en-2","9":"product_tag-voi-bep-en-2","10":"product_tag-voi-bep-lanh-en-2","11":"product_tag-voi-bep-lanh-luxta-en-2","13":"first","14":"instock","15":"shipping-taxable","16":"product-type-simple"},"yoast_head":"<!-- This site is optimized with the Yoast SEO plugin v27.4 - https:\/\/yoast.com\/product\/yoast-seo-wordpress\/ -->\n<title>LUXTA L3102T3B COLD KITCHEN FAUCET &#187; LUXTA<\/title>\n<meta name=\"description\" content=\"V\u00f2i b\u1ebfp l\u1ea1nh Luxta L3102T3B \u0111\u01a1n gi\u1ea3n, sang tr\u1ecdng, \u0111\u01b0\u1ee3c l\u00e0m t\u1eeb nguy\u00ean li\u1ec7u \u0111\u1ed3ng nguy\u00ean kh\u1ed1i cao c\u1ea5p, ho\u1ea1t \u0111\u1ed9ng d\u1ec5 d\u00e0ng v\u1edbi \u0111\u1ed9 b\u1ec1n cao g\u1ea5p \u0111\u00f4i\" \/>\n<meta name=\"robots\" content=\"index, follow, max-snippet:-1, max-image-preview:large, max-video-preview:-1\" \/>\n<link rel=\"canonical\" href=\"http:\/\/luxta.com.vn\/san-pham\/voi-bep-lanh-luxta-l3102t3b\/\" \/>\n<meta property=\"og:locale\" content=\"en_US\" \/>\n<meta property=\"og:type\" content=\"article\" \/>\n<meta property=\"og:title\" content=\"LUXTA L3102T3B COLD KITCHEN FAUCET &#187; LUXTA\" \/>\n<meta property=\"og:description\" content=\"V\u00f2i b\u1ebfp l\u1ea1nh Luxta L3102T3B \u0111\u01a1n gi\u1ea3n, sang tr\u1ecdng, \u0111\u01b0\u1ee3c l\u00e0m t\u1eeb nguy\u00ean li\u1ec7u \u0111\u1ed3ng nguy\u00ean kh\u1ed1i cao c\u1ea5p, ho\u1ea1t \u0111\u1ed9ng d\u1ec5 d\u00e0ng v\u1edbi \u0111\u1ed9 b\u1ec1n cao g\u1ea5p \u0111\u00f4i\" \/>\n<meta property=\"og:url\" content=\"http:\/\/luxta.com.vn\/san-pham\/voi-bep-lanh-luxta-l3102t3b\/\" \/>\n<meta property=\"og:site_name\" content=\"LUXTA\" \/>\n<meta property=\"article:publisher\" content=\"https:\/\/www.facebook.com\/senvoicaocapluxta\" \/>\n<meta property=\"article:modified_time\" content=\"2025-08-21T08:56:17+00:00\" \/>\n<meta property=\"og:image\" content=\"http:\/\/luxta.com.vn\/wp-content\/uploads\/2022\/06\/1-1.png\" \/>\n\t<meta property=\"og:image:width\" content=\"600\" \/>\n\t<meta property=\"og:image:height\" content=\"600\" \/>\n\t<meta property=\"og:image:type\" content=\"image\/png\" \/>\n<meta name=\"twitter:card\" content=\"summary_large_image\" \/>\n<meta name=\"twitter:label1\" content=\"Est. reading time\" \/>\n\t<meta name=\"twitter:data1\" content=\"3 minutes\" \/>\n<script type=\"application\/ld+json\" class=\"yoast-schema-graph\">{\"@context\":\"https:\\\/\\\/schema.org\",\"@graph\":[{\"@type\":\"WebPage\",\"@id\":\"http:\\\/\\\/luxta.com.vn\\\/san-pham\\\/voi-bep-lanh-luxta-l3102t3b\\\/\",\"url\":\"http:\\\/\\\/luxta.com.vn\\\/san-pham\\\/voi-bep-lanh-luxta-l3102t3b\\\/\",\"name\":\"LUXTA L3102T3B COLD KITCHEN FAUCET &#187; LUXTA\",\"isPartOf\":{\"@id\":\"https:\\\/\\\/luxta.com.vn\\\/#website\"},\"primaryImageOfPage\":{\"@id\":\"http:\\\/\\\/luxta.com.vn\\\/san-pham\\\/voi-bep-lanh-luxta-l3102t3b\\\/#primaryimage\"},\"image\":{\"@id\":\"http:\\\/\\\/luxta.com.vn\\\/san-pham\\\/voi-bep-lanh-luxta-l3102t3b\\\/#primaryimage\"},\"thumbnailUrl\":\"https:\\\/\\\/luxta.com.vn\\\/wp-content\\\/uploads\\\/2022\\\/06\\\/1-1.png\",\"datePublished\":\"2022-06-10T02:05:41+00:00\",\"dateModified\":\"2025-08-21T08:56:17+00:00\",\"description\":\"V\u00f2i b\u1ebfp l\u1ea1nh Luxta L3102T3B \u0111\u01a1n gi\u1ea3n, sang tr\u1ecdng, \u0111\u01b0\u1ee3c l\u00e0m t\u1eeb nguy\u00ean li\u1ec7u \u0111\u1ed3ng nguy\u00ean kh\u1ed1i cao c\u1ea5p, ho\u1ea1t \u0111\u1ed9ng d\u1ec5 d\u00e0ng v\u1edbi \u0111\u1ed9 b\u1ec1n cao g\u1ea5p \u0111\u00f4i\",\"breadcrumb\":{\"@id\":\"http:\\\/\\\/luxta.com.vn\\\/san-pham\\\/voi-bep-lanh-luxta-l3102t3b\\\/#breadcrumb\"},\"inLanguage\":\"en-US\",\"potentialAction\":[{\"@type\":\"ReadAction\",\"target\":[\"http:\\\/\\\/luxta.com.vn\\\/san-pham\\\/voi-bep-lanh-luxta-l3102t3b\\\/\"]}]},{\"@type\":\"ImageObject\",\"inLanguage\":\"en-US\",\"@id\":\"http:\\\/\\\/luxta.com.vn\\\/san-pham\\\/voi-bep-lanh-luxta-l3102t3b\\\/#primaryimage\",\"url\":\"https:\\\/\\\/luxta.com.vn\\\/wp-content\\\/uploads\\\/2022\\\/06\\\/1-1.png\",\"contentUrl\":\"https:\\\/\\\/luxta.com.vn\\\/wp-content\\\/uploads\\\/2022\\\/06\\\/1-1.png\",\"width\":600,\"height\":600},{\"@type\":\"BreadcrumbList\",\"@id\":\"http:\\\/\\\/luxta.com.vn\\\/san-pham\\\/voi-bep-lanh-luxta-l3102t3b\\\/#breadcrumb\",\"itemListElement\":[{\"@type\":\"ListItem\",\"position\":1,\"name\":\"Trang ch\u1ee7\",\"item\":\"http:\\\/\\\/luxta.com.vn\\\/en\\\/\"},{\"@type\":\"ListItem\",\"position\":2,\"name\":\"Shop\",\"item\":\"http:\\\/\\\/luxta.com.vn\\\/en\\\/shop\\\/\"},{\"@type\":\"ListItem\",\"position\":3,\"name\":\"LUXTA L3102T3B COLD KITCHEN FAUCET\"}]},{\"@type\":\"WebSite\",\"@id\":\"https:\\\/\\\/luxta.com.vn\\\/#website\",\"url\":\"https:\\\/\\\/luxta.com.vn\\\/\",\"name\":\"LUXTA\",\"description\":\"More quality for life\",\"publisher\":{\"@id\":\"https:\\\/\\\/luxta.com.vn\\\/#organization\"},\"potentialAction\":[{\"@type\":\"SearchAction\",\"target\":{\"@type\":\"EntryPoint\",\"urlTemplate\":\"https:\\\/\\\/luxta.com.vn\\\/?s={search_term_string}\"},\"query-input\":{\"@type\":\"PropertyValueSpecification\",\"valueRequired\":true,\"valueName\":\"search_term_string\"}}],\"inLanguage\":\"en-US\"},{\"@type\":\"Organization\",\"@id\":\"https:\\\/\\\/luxta.com.vn\\\/#organization\",\"name\":\"LUXTA\",\"url\":\"https:\\\/\\\/luxta.com.vn\\\/\",\"logo\":{\"@type\":\"ImageObject\",\"inLanguage\":\"en-US\",\"@id\":\"https:\\\/\\\/luxta.com.vn\\\/#\\\/schema\\\/logo\\\/image\\\/\",\"url\":\"https:\\\/\\\/luxta.com.vn\\\/wp-content\\\/uploads\\\/2022\\\/01\\\/logo_luxta.png\",\"contentUrl\":\"https:\\\/\\\/luxta.com.vn\\\/wp-content\\\/uploads\\\/2022\\\/01\\\/logo_luxta.png\",\"width\":241,\"height\":93,\"caption\":\"LUXTA\"},\"image\":{\"@id\":\"https:\\\/\\\/luxta.com.vn\\\/#\\\/schema\\\/logo\\\/image\\\/\"},\"sameAs\":[\"https:\\\/\\\/www.facebook.com\\\/senvoicaocapluxta\"]}]}<\/script>\n<!-- \/ Yoast SEO plugin. -->","yoast_head_json":{"title":"LUXTA L3102T3B COLD KITCHEN FAUCET &#187; LUXTA","description":"V\u00f2i b\u1ebfp l\u1ea1nh Luxta L3102T3B \u0111\u01a1n gi\u1ea3n, sang tr\u1ecdng, \u0111\u01b0\u1ee3c l\u00e0m t\u1eeb nguy\u00ean li\u1ec7u \u0111\u1ed3ng nguy\u00ean kh\u1ed1i cao c\u1ea5p, ho\u1ea1t \u0111\u1ed9ng d\u1ec5 d\u00e0ng v\u1edbi \u0111\u1ed9 b\u1ec1n cao g\u1ea5p \u0111\u00f4i","robots":{"index":"index","follow":"follow","max-snippet":"max-snippet:-1","max-image-preview":"max-image-preview:large","max-video-preview":"max-video-preview:-1"},"canonical":"http:\/\/luxta.com.vn\/san-pham\/voi-bep-lanh-luxta-l3102t3b\/","og_locale":"en_US","og_type":"article","og_title":"LUXTA L3102T3B COLD KITCHEN FAUCET &#187; LUXTA","og_description":"V\u00f2i b\u1ebfp l\u1ea1nh Luxta L3102T3B \u0111\u01a1n gi\u1ea3n, sang tr\u1ecdng, \u0111\u01b0\u1ee3c l\u00e0m t\u1eeb nguy\u00ean li\u1ec7u \u0111\u1ed3ng nguy\u00ean kh\u1ed1i cao c\u1ea5p, ho\u1ea1t \u0111\u1ed9ng d\u1ec5 d\u00e0ng v\u1edbi \u0111\u1ed9 b\u1ec1n cao g\u1ea5p \u0111\u00f4i","og_url":"http:\/\/luxta.com.vn\/san-pham\/voi-bep-lanh-luxta-l3102t3b\/","og_site_name":"LUXTA","article_publisher":"https:\/\/www.facebook.com\/senvoicaocapluxta","article_modified_time":"2025-08-21T08:56:17+00:00","og_image":[{"width":600,"height":600,"url":"http:\/\/luxta.com.vn\/wp-content\/uploads\/2022\/06\/1-1.png","type":"image\/png"}],"twitter_card":"summary_large_image","twitter_misc":{"Est. reading time":"3 minutes"},"schema":{"@context":"https:\/\/schema.org","@graph":[{"@type":"WebPage","@id":"http:\/\/luxta.com.vn\/san-pham\/voi-bep-lanh-luxta-l3102t3b\/","url":"http:\/\/luxta.com.vn\/san-pham\/voi-bep-lanh-luxta-l3102t3b\/","name":"LUXTA L3102T3B COLD KITCHEN FAUCET &#187; LUXTA","isPartOf":{"@id":"https:\/\/luxta.com.vn\/#website"},"primaryImageOfPage":{"@id":"http:\/\/luxta.com.vn\/san-pham\/voi-bep-lanh-luxta-l3102t3b\/#primaryimage"},"image":{"@id":"http:\/\/luxta.com.vn\/san-pham\/voi-bep-lanh-luxta-l3102t3b\/#primaryimage"},"thumbnailUrl":"https:\/\/luxta.com.vn\/wp-content\/uploads\/2022\/06\/1-1.png","datePublished":"2022-06-10T02:05:41+00:00","dateModified":"2025-08-21T08:56:17+00:00","description":"V\u00f2i b\u1ebfp l\u1ea1nh Luxta L3102T3B \u0111\u01a1n gi\u1ea3n, sang tr\u1ecdng, \u0111\u01b0\u1ee3c l\u00e0m t\u1eeb nguy\u00ean li\u1ec7u \u0111\u1ed3ng nguy\u00ean kh\u1ed1i cao c\u1ea5p, ho\u1ea1t \u0111\u1ed9ng d\u1ec5 d\u00e0ng v\u1edbi \u0111\u1ed9 b\u1ec1n cao g\u1ea5p \u0111\u00f4i","breadcrumb":{"@id":"http:\/\/luxta.com.vn\/san-pham\/voi-bep-lanh-luxta-l3102t3b\/#breadcrumb"},"inLanguage":"en-US","potentialAction":[{"@type":"ReadAction","target":["http:\/\/luxta.com.vn\/san-pham\/voi-bep-lanh-luxta-l3102t3b\/"]}]},{"@type":"ImageObject","inLanguage":"en-US","@id":"http:\/\/luxta.com.vn\/san-pham\/voi-bep-lanh-luxta-l3102t3b\/#primaryimage","url":"https:\/\/luxta.com.vn\/wp-content\/uploads\/2022\/06\/1-1.png","contentUrl":"https:\/\/luxta.com.vn\/wp-content\/uploads\/2022\/06\/1-1.png","width":600,"height":600},{"@type":"BreadcrumbList","@id":"http:\/\/luxta.com.vn\/san-pham\/voi-bep-lanh-luxta-l3102t3b\/#breadcrumb","itemListElement":[{"@type":"ListItem","position":1,"name":"Trang ch\u1ee7","item":"http:\/\/luxta.com.vn\/en\/"},{"@type":"ListItem","position":2,"name":"Shop","item":"http:\/\/luxta.com.vn\/en\/shop\/"},{"@type":"ListItem","position":3,"name":"LUXTA L3102T3B COLD KITCHEN FAUCET"}]},{"@type":"WebSite","@id":"https:\/\/luxta.com.vn\/#website","url":"https:\/\/luxta.com.vn\/","name":"LUXTA","description":"More quality for life","publisher":{"@id":"https:\/\/luxta.com.vn\/#organization"},"potentialAction":[{"@type":"SearchAction","target":{"@type":"EntryPoint","urlTemplate":"https:\/\/luxta.com.vn\/?s={search_term_string}"},"query-input":{"@type":"PropertyValueSpecification","valueRequired":true,"valueName":"search_term_string"}}],"inLanguage":"en-US"},{"@type":"Organization","@id":"https:\/\/luxta.com.vn\/#organization","name":"LUXTA","url":"https:\/\/luxta.com.vn\/","logo":{"@type":"ImageObject","inLanguage":"en-US","@id":"https:\/\/luxta.com.vn\/#\/schema\/logo\/image\/","url":"https:\/\/luxta.com.vn\/wp-content\/uploads\/2022\/01\/logo_luxta.png","contentUrl":"https:\/\/luxta.com.vn\/wp-content\/uploads\/2022\/01\/logo_luxta.png","width":241,"height":93,"caption":"LUXTA"},"image":{"@id":"https:\/\/luxta.com.vn\/#\/schema\/logo\/image\/"},"sameAs":["https:\/\/www.facebook.com\/senvoicaocapluxta"]}]}},"_links":{"self":[{"href":"https:\/\/luxta.com.vn\/en\/wp-json\/wp\/v2\/product\/10015","targetHints":{"allow":["GET"]}}],"collection":[{"href":"https:\/\/luxta.com.vn\/en\/wp-json\/wp\/v2\/product"}],"about":[{"href":"https:\/\/luxta.com.vn\/en\/wp-json\/wp\/v2\/types\/product"}],"replies":[{"embeddable":true,"href":"https:\/\/luxta.com.vn\/en\/wp-json\/wp\/v2\/comments?post=10015"}],"wp:featuredmedia":[{"embeddable":true,"href":"https:\/\/luxta.com.vn\/en\/wp-json\/wp\/v2\/media\/9113"}],"wp:attachment":[{"href":"https:\/\/luxta.com.vn\/en\/wp-json\/wp\/v2\/media?parent=10015"}],"wp:term":[{"taxonomy":"product_brand","embeddable":true,"href":"https:\/\/luxta.com.vn\/en\/wp-json\/wp\/v2\/product_brand?post=10015"},{"taxonomy":"product_cat","embeddable":true,"href":"https:\/\/luxta.com.vn\/en\/wp-json\/wp\/v2\/product_cat?post=10015"},{"taxonomy":"product_tag","embeddable":true,"href":"https:\/\/luxta.com.vn\/en\/wp-json\/wp\/v2\/product_tag?post=10015"}],"curies":[{"name":"wp","href":"https:\/\/api.w.org\/{rel}","templated":true}]}}