{"id":10772,"date":"2022-02-14T01:02:14","date_gmt":"2022-02-13T18:02:14","guid":{"rendered":"https:\/\/luxta.com.vn\/san-pham\/tay-sen-luxta-t6\/"},"modified":"2025-08-21T16:24:05","modified_gmt":"2025-08-21T09:24:05","slug":"luxta-t6-hand-shower","status":"publish","type":"product","link":"http:\/\/luxta.com.vn\/en\/product\/luxta-t6-hand-shower\/","title":{"rendered":"Luxta T6 Hand Shower"},"content":{"rendered":"<p><strong>Luxta Shower Head<br \/>\nModel: T6<\/strong><\/p>\n<p>&#8212;&#8212;&#8212;&#8212;&#8212;&#8212;&#8212;&#8212;&#8212;<\/p>\n<p>With the desire to bring lasting value to every product used daily, each <strong>LUXTA<\/strong> design embodies a simple, elegant, and luxurious beauty, perfectly suited for all types of bathroom architecture.<\/p>\n<p>The <strong>Luxta Shower Head<\/strong> is simple yet stylish, made from high-quality ABS plastic, offering durability up to twice that of conventional materials. The shower head and hose system are tightly designed, ensuring strong connections between joints for convenience during installation and movement, while guaranteeing safety for users.<\/p>\n<p><strong>\u2733 OUTSTANDING TECHNOLOGY:<\/strong><\/p>\n<p><img decoding=\"async\" src=\"\/\/bizweb.dktcdn.net\/100\/394\/840\/files\/save-water-luxta.jpg?v=1595209031868\" data-thumb=\"original\" \/><\/p>\n<p><strong>Water-Saving Technology<\/strong><\/p>\n<p><strong>\u2733 OUTSTANDING FEATURES OF LUXTA SHOWER HEAD:<\/strong><br \/>\n\u2714 Modern, luxurious shower head design<br \/>\n\u2714 Shower hose plated for higher shine than standard hoses<br \/>\n\u2714 Chrome-nickel plating for long-lasting durability<br \/>\n\u2714 Smooth water flow design<\/p>\n<p><strong>\u2733 ADVANTAGES OF LUXTA SHOWER HEAD:<\/strong><br \/>\n\u2714 Easy to use<br \/>\n\u2714 Eco-friendly<br \/>\n\u2714 Easy to clean<br \/>\n\u2714 Optimal anti-stain resistance<br \/>\n\u2714 Reduces the need for cleaning chemicals<\/p>\n<p>With these advantages, the <strong>Luxta TX25 shower head<\/strong> will enhance your bathroom with elegance and sophistication, bringing a modern touch to every Vietnamese home. With LUXTA, you can save water while still enjoying a refreshing and relaxing shower experience. We care not only about cleanliness but also about hygiene.<\/p>\n<p>When purchasing a <i><u>Luxta shower head<\/u><\/i>, customers will receive professional consultation and careful product selection. We guarantee 100% genuine products \u2014 absolutely no counterfeits.<\/p>\n<p><strong>\u2733 SPECIAL: FREE SHIPPING WITHIN HO CHI MINH CITY<\/strong><\/p>\n<p>&#8212;&#8212;&#8212;&#8212;&#8212;&#8212;&#8212;-<\/p>\n<p>For more details, please contact:<\/p>\n<p><strong><img decoding=\"async\" class=\"emoji\" role=\"img\" src=\"https:\/\/s.w.org\/images\/core\/emoji\/13.1.0\/svg\/2733.svg\" alt=\"\u2733\" \/> LUXTA SHOWERS<\/strong><\/p>\n<p><img decoding=\"async\" class=\"emoji\" role=\"img\" src=\"https:\/\/s.w.org\/images\/core\/emoji\/13.1.0\/svg\/2733.svg\" alt=\"\u2733\" \/> <strong>Address<\/strong>: 2C Street No. 10, Binh Hung Hoa A Ward, Binh Tan District, Ho Chi Minh City<\/p>\n<p><img decoding=\"async\" class=\"emoji\" role=\"img\" src=\"https:\/\/s.w.org\/images\/core\/emoji\/13.1.0\/svg\/2733.svg\" alt=\"\u2733\" \/> <strong>Address<\/strong>: 569\u2013571 Luy Ban Bich Street, Phu Thanh Ward, Tan Phu District, Ho Chi Minh City<\/p>\n<p><strong><img decoding=\"async\" class=\"emoji\" role=\"img\" src=\"https:\/\/s.w.org\/images\/core\/emoji\/13.1.0\/svg\/2733.svg\" alt=\"\u2733\" \/> Facebook Fanpage:<\/strong><\/p>\n<p><a href=\"https:\/\/www.facebook.com\/senvoichinhhang\">https:\/\/www.facebook.com\/senvoichinhhang<\/a><\/p>\n","protected":false},"excerpt":{"rendered":"<p>\u2714 Luxta showerhead, modern and luxurious design<br \/>\n\u2714 Chrome-nickel plated, durable over time<br \/>\n\u2714 Designed for smooth water flow<\/p>\n","protected":false},"featured_media":8753,"comment_status":"open","ping_status":"closed","template":"","meta":[],"product_brand":[],"product_cat":[1681],"product_tag":[1734,1737,1739,1738],"class_list":{"0":"post-10772","1":"product","2":"type-product","3":"status-publish","4":"has-post-thumbnail","6":"product_cat-hand-shower","7":"product_tag-luxta-en-2","8":"product_tag-tay-sen-luxta-en-2","9":"product_tag-thiet-bi-nha-tam-en-2","10":"product_tag-thiet-bi-ve-sinh-luxta-en-2","12":"first","13":"instock","14":"downloadable","15":"shipping-taxable","16":"product-type-simple"},"yoast_head":"<!-- This site is optimized with the Yoast SEO plugin v27.5 - https:\/\/yoast.com\/product\/yoast-seo-wordpress\/ -->\n<title>Luxta T6 Hand Shower &#187; LUXTA<\/title>\n<meta name=\"description\" content=\"Tay sen Luxta l\u00e0m t\u1eeb nh\u1ef1a ABS cao c\u1ea5p, v\u1edbi \u0111\u1ed9 b\u1ec1n b\u1ec9 l\u00e2u d\u00e0i. Luxta cam k\u1ebft mang \u0111\u1ebfn cho b\u1ea1n tr\u1ea3i nghi\u1ec7m mua s\u1eafm t\u1ed1t nh\u1ea5t v\u00e0 \u0111\u00e1p \u1ee9ng m\u1ecdi nhu c\u1ea7u c\u1ee7a b\u1ea1n.\" \/>\n<meta name=\"robots\" content=\"index, follow, max-snippet:-1, max-image-preview:large, max-video-preview:-1\" \/>\n<link rel=\"canonical\" href=\"https:\/\/luxta.com.vn\/en\/product\/luxta-t6-hand-shower\/\" \/>\n<meta property=\"og:locale\" content=\"en_US\" \/>\n<meta property=\"og:type\" content=\"article\" \/>\n<meta property=\"og:title\" content=\"Luxta T6 Hand Shower &#187; LUXTA\" \/>\n<meta property=\"og:description\" content=\"Tay sen Luxta l\u00e0m t\u1eeb nh\u1ef1a ABS cao c\u1ea5p, v\u1edbi \u0111\u1ed9 b\u1ec1n b\u1ec9 l\u00e2u d\u00e0i. Luxta cam k\u1ebft mang \u0111\u1ebfn cho b\u1ea1n tr\u1ea3i nghi\u1ec7m mua s\u1eafm t\u1ed1t nh\u1ea5t v\u00e0 \u0111\u00e1p \u1ee9ng m\u1ecdi nhu c\u1ea7u c\u1ee7a b\u1ea1n.\" \/>\n<meta property=\"og:url\" content=\"https:\/\/luxta.com.vn\/en\/product\/luxta-t6-hand-shower\/\" \/>\n<meta property=\"og:site_name\" content=\"LUXTA\" \/>\n<meta property=\"article:publisher\" content=\"https:\/\/www.facebook.com\/senvoicaocapluxta\" \/>\n<meta property=\"article:modified_time\" content=\"2025-08-21T09:24:05+00:00\" \/>\n<meta property=\"og:image\" content=\"https:\/\/luxta.com.vn\/wp-content\/uploads\/2022\/02\/L1111N-copy-35.png\" \/>\n\t<meta property=\"og:image:width\" content=\"800\" \/>\n\t<meta property=\"og:image:height\" content=\"800\" \/>\n\t<meta property=\"og:image:type\" content=\"image\/png\" \/>\n<meta name=\"twitter:card\" content=\"summary_large_image\" \/>\n<meta name=\"twitter:label1\" content=\"Est. reading time\" \/>\n\t<meta name=\"twitter:data1\" content=\"3 minutes\" \/>\n<script type=\"application\/ld+json\" class=\"yoast-schema-graph\">{\"@context\":\"https:\\\/\\\/schema.org\",\"@graph\":[{\"@type\":\"WebPage\",\"@id\":\"https:\\\/\\\/luxta.com.vn\\\/en\\\/product\\\/luxta-t6-hand-shower\\\/\",\"url\":\"https:\\\/\\\/luxta.com.vn\\\/en\\\/product\\\/luxta-t6-hand-shower\\\/\",\"name\":\"Luxta T6 Hand Shower &#187; LUXTA\",\"isPartOf\":{\"@id\":\"http:\\\/\\\/luxta.com.vn\\\/en\\\/#website\"},\"primaryImageOfPage\":{\"@id\":\"https:\\\/\\\/luxta.com.vn\\\/en\\\/product\\\/luxta-t6-hand-shower\\\/#primaryimage\"},\"image\":{\"@id\":\"https:\\\/\\\/luxta.com.vn\\\/en\\\/product\\\/luxta-t6-hand-shower\\\/#primaryimage\"},\"thumbnailUrl\":\"http:\\\/\\\/luxta.com.vn\\\/wp-content\\\/uploads\\\/2022\\\/02\\\/L1111N-copy-35.png\",\"datePublished\":\"2022-02-13T18:02:14+00:00\",\"dateModified\":\"2025-08-21T09:24:05+00:00\",\"description\":\"Tay sen Luxta l\u00e0m t\u1eeb nh\u1ef1a ABS cao c\u1ea5p, v\u1edbi \u0111\u1ed9 b\u1ec1n b\u1ec9 l\u00e2u d\u00e0i. Luxta cam k\u1ebft mang \u0111\u1ebfn cho b\u1ea1n tr\u1ea3i nghi\u1ec7m mua s\u1eafm t\u1ed1t nh\u1ea5t v\u00e0 \u0111\u00e1p \u1ee9ng m\u1ecdi nhu c\u1ea7u c\u1ee7a b\u1ea1n.\",\"breadcrumb\":{\"@id\":\"https:\\\/\\\/luxta.com.vn\\\/en\\\/product\\\/luxta-t6-hand-shower\\\/#breadcrumb\"},\"inLanguage\":\"en-US\",\"potentialAction\":[{\"@type\":\"ReadAction\",\"target\":[\"https:\\\/\\\/luxta.com.vn\\\/en\\\/product\\\/luxta-t6-hand-shower\\\/\"]}]},{\"@type\":\"ImageObject\",\"inLanguage\":\"en-US\",\"@id\":\"https:\\\/\\\/luxta.com.vn\\\/en\\\/product\\\/luxta-t6-hand-shower\\\/#primaryimage\",\"url\":\"http:\\\/\\\/luxta.com.vn\\\/wp-content\\\/uploads\\\/2022\\\/02\\\/L1111N-copy-35.png\",\"contentUrl\":\"http:\\\/\\\/luxta.com.vn\\\/wp-content\\\/uploads\\\/2022\\\/02\\\/L1111N-copy-35.png\",\"width\":800,\"height\":800},{\"@type\":\"BreadcrumbList\",\"@id\":\"https:\\\/\\\/luxta.com.vn\\\/en\\\/product\\\/luxta-t6-hand-shower\\\/#breadcrumb\",\"itemListElement\":[{\"@type\":\"ListItem\",\"position\":1,\"name\":\"Trang ch\u1ee7\",\"item\":\"http:\\\/\\\/luxta.com.vn\\\/en\\\/\"},{\"@type\":\"ListItem\",\"position\":2,\"name\":\"Shop\",\"item\":\"http:\\\/\\\/luxta.com.vn\\\/en\\\/shop\\\/\"},{\"@type\":\"ListItem\",\"position\":3,\"name\":\"Luxta T6 Hand Shower\"}]},{\"@type\":\"WebSite\",\"@id\":\"http:\\\/\\\/luxta.com.vn\\\/en\\\/#website\",\"url\":\"http:\\\/\\\/luxta.com.vn\\\/en\\\/\",\"name\":\"LUXTA\",\"description\":\"More quality for life\",\"publisher\":{\"@id\":\"http:\\\/\\\/luxta.com.vn\\\/en\\\/#organization\"},\"potentialAction\":[{\"@type\":\"SearchAction\",\"target\":{\"@type\":\"EntryPoint\",\"urlTemplate\":\"http:\\\/\\\/luxta.com.vn\\\/en\\\/?s={search_term_string}\"},\"query-input\":{\"@type\":\"PropertyValueSpecification\",\"valueRequired\":true,\"valueName\":\"search_term_string\"}}],\"inLanguage\":\"en-US\"},{\"@type\":\"Organization\",\"@id\":\"http:\\\/\\\/luxta.com.vn\\\/en\\\/#organization\",\"name\":\"LUXTA\",\"url\":\"http:\\\/\\\/luxta.com.vn\\\/en\\\/\",\"logo\":{\"@type\":\"ImageObject\",\"inLanguage\":\"en-US\",\"@id\":\"http:\\\/\\\/luxta.com.vn\\\/en\\\/#\\\/schema\\\/logo\\\/image\\\/\",\"url\":\"https:\\\/\\\/luxta.com.vn\\\/wp-content\\\/uploads\\\/2022\\\/01\\\/logo_luxta.png\",\"contentUrl\":\"https:\\\/\\\/luxta.com.vn\\\/wp-content\\\/uploads\\\/2022\\\/01\\\/logo_luxta.png\",\"width\":241,\"height\":93,\"caption\":\"LUXTA\"},\"image\":{\"@id\":\"http:\\\/\\\/luxta.com.vn\\\/en\\\/#\\\/schema\\\/logo\\\/image\\\/\"},\"sameAs\":[\"https:\\\/\\\/www.facebook.com\\\/senvoicaocapluxta\"]}]}<\/script>\n<!-- \/ Yoast SEO plugin. -->","yoast_head_json":{"title":"Luxta T6 Hand Shower &#187; LUXTA","description":"Tay sen Luxta l\u00e0m t\u1eeb nh\u1ef1a ABS cao c\u1ea5p, v\u1edbi \u0111\u1ed9 b\u1ec1n b\u1ec9 l\u00e2u d\u00e0i. Luxta cam k\u1ebft mang \u0111\u1ebfn cho b\u1ea1n tr\u1ea3i nghi\u1ec7m mua s\u1eafm t\u1ed1t nh\u1ea5t v\u00e0 \u0111\u00e1p \u1ee9ng m\u1ecdi nhu c\u1ea7u c\u1ee7a b\u1ea1n.","robots":{"index":"index","follow":"follow","max-snippet":"max-snippet:-1","max-image-preview":"max-image-preview:large","max-video-preview":"max-video-preview:-1"},"canonical":"https:\/\/luxta.com.vn\/en\/product\/luxta-t6-hand-shower\/","og_locale":"en_US","og_type":"article","og_title":"Luxta T6 Hand Shower &#187; LUXTA","og_description":"Tay sen Luxta l\u00e0m t\u1eeb nh\u1ef1a ABS cao c\u1ea5p, v\u1edbi \u0111\u1ed9 b\u1ec1n b\u1ec9 l\u00e2u d\u00e0i. Luxta cam k\u1ebft mang \u0111\u1ebfn cho b\u1ea1n tr\u1ea3i nghi\u1ec7m mua s\u1eafm t\u1ed1t nh\u1ea5t v\u00e0 \u0111\u00e1p \u1ee9ng m\u1ecdi nhu c\u1ea7u c\u1ee7a b\u1ea1n.","og_url":"https:\/\/luxta.com.vn\/en\/product\/luxta-t6-hand-shower\/","og_site_name":"LUXTA","article_publisher":"https:\/\/www.facebook.com\/senvoicaocapluxta","article_modified_time":"2025-08-21T09:24:05+00:00","og_image":[{"width":800,"height":800,"url":"https:\/\/luxta.com.vn\/wp-content\/uploads\/2022\/02\/L1111N-copy-35.png","type":"image\/png"}],"twitter_card":"summary_large_image","twitter_misc":{"Est. reading time":"3 minutes"},"schema":{"@context":"https:\/\/schema.org","@graph":[{"@type":"WebPage","@id":"https:\/\/luxta.com.vn\/en\/product\/luxta-t6-hand-shower\/","url":"https:\/\/luxta.com.vn\/en\/product\/luxta-t6-hand-shower\/","name":"Luxta T6 Hand Shower &#187; LUXTA","isPartOf":{"@id":"http:\/\/luxta.com.vn\/en\/#website"},"primaryImageOfPage":{"@id":"https:\/\/luxta.com.vn\/en\/product\/luxta-t6-hand-shower\/#primaryimage"},"image":{"@id":"https:\/\/luxta.com.vn\/en\/product\/luxta-t6-hand-shower\/#primaryimage"},"thumbnailUrl":"http:\/\/luxta.com.vn\/wp-content\/uploads\/2022\/02\/L1111N-copy-35.png","datePublished":"2022-02-13T18:02:14+00:00","dateModified":"2025-08-21T09:24:05+00:00","description":"Tay sen Luxta l\u00e0m t\u1eeb nh\u1ef1a ABS cao c\u1ea5p, v\u1edbi \u0111\u1ed9 b\u1ec1n b\u1ec9 l\u00e2u d\u00e0i. Luxta cam k\u1ebft mang \u0111\u1ebfn cho b\u1ea1n tr\u1ea3i nghi\u1ec7m mua s\u1eafm t\u1ed1t nh\u1ea5t v\u00e0 \u0111\u00e1p \u1ee9ng m\u1ecdi nhu c\u1ea7u c\u1ee7a b\u1ea1n.","breadcrumb":{"@id":"https:\/\/luxta.com.vn\/en\/product\/luxta-t6-hand-shower\/#breadcrumb"},"inLanguage":"en-US","potentialAction":[{"@type":"ReadAction","target":["https:\/\/luxta.com.vn\/en\/product\/luxta-t6-hand-shower\/"]}]},{"@type":"ImageObject","inLanguage":"en-US","@id":"https:\/\/luxta.com.vn\/en\/product\/luxta-t6-hand-shower\/#primaryimage","url":"http:\/\/luxta.com.vn\/wp-content\/uploads\/2022\/02\/L1111N-copy-35.png","contentUrl":"http:\/\/luxta.com.vn\/wp-content\/uploads\/2022\/02\/L1111N-copy-35.png","width":800,"height":800},{"@type":"BreadcrumbList","@id":"https:\/\/luxta.com.vn\/en\/product\/luxta-t6-hand-shower\/#breadcrumb","itemListElement":[{"@type":"ListItem","position":1,"name":"Trang ch\u1ee7","item":"http:\/\/luxta.com.vn\/en\/"},{"@type":"ListItem","position":2,"name":"Shop","item":"http:\/\/luxta.com.vn\/en\/shop\/"},{"@type":"ListItem","position":3,"name":"Luxta T6 Hand Shower"}]},{"@type":"WebSite","@id":"http:\/\/luxta.com.vn\/en\/#website","url":"http:\/\/luxta.com.vn\/en\/","name":"LUXTA","description":"More quality for life","publisher":{"@id":"http:\/\/luxta.com.vn\/en\/#organization"},"potentialAction":[{"@type":"SearchAction","target":{"@type":"EntryPoint","urlTemplate":"http:\/\/luxta.com.vn\/en\/?s={search_term_string}"},"query-input":{"@type":"PropertyValueSpecification","valueRequired":true,"valueName":"search_term_string"}}],"inLanguage":"en-US"},{"@type":"Organization","@id":"http:\/\/luxta.com.vn\/en\/#organization","name":"LUXTA","url":"http:\/\/luxta.com.vn\/en\/","logo":{"@type":"ImageObject","inLanguage":"en-US","@id":"http:\/\/luxta.com.vn\/en\/#\/schema\/logo\/image\/","url":"https:\/\/luxta.com.vn\/wp-content\/uploads\/2022\/01\/logo_luxta.png","contentUrl":"https:\/\/luxta.com.vn\/wp-content\/uploads\/2022\/01\/logo_luxta.png","width":241,"height":93,"caption":"LUXTA"},"image":{"@id":"http:\/\/luxta.com.vn\/en\/#\/schema\/logo\/image\/"},"sameAs":["https:\/\/www.facebook.com\/senvoicaocapluxta"]}]}},"_links":{"self":[{"href":"http:\/\/luxta.com.vn\/en\/wp-json\/wp\/v2\/product\/10772","targetHints":{"allow":["GET"]}}],"collection":[{"href":"http:\/\/luxta.com.vn\/en\/wp-json\/wp\/v2\/product"}],"about":[{"href":"http:\/\/luxta.com.vn\/en\/wp-json\/wp\/v2\/types\/product"}],"replies":[{"embeddable":true,"href":"http:\/\/luxta.com.vn\/en\/wp-json\/wp\/v2\/comments?post=10772"}],"wp:featuredmedia":[{"embeddable":true,"href":"http:\/\/luxta.com.vn\/en\/wp-json\/wp\/v2\/media\/8753"}],"wp:attachment":[{"href":"http:\/\/luxta.com.vn\/en\/wp-json\/wp\/v2\/media?parent=10772"}],"wp:term":[{"taxonomy":"product_brand","embeddable":true,"href":"http:\/\/luxta.com.vn\/en\/wp-json\/wp\/v2\/product_brand?post=10772"},{"taxonomy":"product_cat","embeddable":true,"href":"http:\/\/luxta.com.vn\/en\/wp-json\/wp\/v2\/product_cat?post=10772"},{"taxonomy":"product_tag","embeddable":true,"href":"http:\/\/luxta.com.vn\/en\/wp-json\/wp\/v2\/product_tag?post=10772"}],"curies":[{"name":"wp","href":"https:\/\/api.w.org\/{rel}","templated":true}]}}